{"id":13614,"date":"2024-02-19T11:36:53","date_gmt":"2024-02-19T11:36:53","guid":{"rendered":"https:\/\/www.aluministecnicsbarcelona.com\/ca\/contacto\/"},"modified":"2024-02-27T16:31:49","modified_gmt":"2024-02-27T16:31:49","slug":"contacte","status":"publish","type":"page","link":"https:\/\/www.aluministecnicsbarcelona.com\/ca\/contacte\/","title":{"rendered":"Contacte"},"content":{"rendered":"\n<div class=\"wp-block-cover alignfull\"><span aria-hidden=\"true\" class=\"wp-block-cover__background has-background-dim\"><\/span><img loading=\"lazy\" decoding=\"async\" width=\"938\" height=\"311\" src=\"https:\/\/www.aluministecnicsbarcelona.com\/wp-content\/uploads\/2016\/09\/aluminis_tecnics_barcelona_expo.jpg\" class=\"wp-block-cover__image-background wp-post-image\" alt=\"Aluminis T\u00e8cnics Barcelona empresa\" data-object-fit=\"cover\" srcset=\"https:\/\/www.aluministecnicsbarcelona.com\/wp-content\/uploads\/2016\/09\/aluminis_tecnics_barcelona_expo.jpg 1600w, https:\/\/www.aluministecnicsbarcelona.com\/wp-content\/uploads\/2016\/09\/aluminis_tecnics_barcelona_expo-300x99.jpg 300w, https:\/\/www.aluministecnicsbarcelona.com\/wp-content\/uploads\/2016\/09\/aluminis_tecnics_barcelona_expo-768x254.jpg 768w, https:\/\/www.aluministecnicsbarcelona.com\/wp-content\/uploads\/2016\/09\/aluminis_tecnics_barcelona_expo-1024x339.jpg 1024w\" sizes=\"auto, (max-width: 938px) 100vw, 938px\" title=\"\"><div class=\"wp-block-cover__inner-container is-layout-flow wp-block-cover-is-layout-flow\">\n<div class=\"wp-block-group\"><div class=\"wp-block-group__inner-container is-layout-constrained wp-block-group-is-layout-constrained\">\n<div class=\"wp-block-columns is-layout-flex wp-container-core-columns-is-layout-9d6595d7 wp-block-columns-is-layout-flex\">\n<div class=\"wp-block-column is-layout-flow wp-block-column-is-layout-flow\" style=\"flex-basis:100%\">\n<h1 class=\"wp-block-heading has-text-align-center has-light-blue-color has-text-color has-link-color wp-elements-bf2af46bc1386e51e7d1fca0f10c2844\">Contacte<\/h1>\n<\/div>\n<\/div>\n<\/div><\/div>\n<\/div><\/div>\n\n\n\n<div class=\"wp-block-getwid-section alignfull alignfull has-inner-blocks-gap-none getwid-margin-top-none getwid-margin-bottom-normal getwid-margin-tablet-top-none getwid-margin-tablet-bottom-none getwid-margin-mobile-top-none getwid-margin-mobile-bottom-none getwid-section-content-custom-width\"><div class=\"wp-block-getwid-section__wrapper getwid-padding-top-normal getwid-padding-bottom-normal getwid-padding-left-large getwid-padding-right-large getwid-padding-tablet-top-none getwid-padding-tablet-bottom-normal getwid-padding-tablet-left-normal getwid-padding-tablet-right-normal getwid-padding-mobile-top-none getwid-padding-mobile-bottom-normal getwid-padding-mobile-left-normal getwid-padding-mobile-right-normal getwid-margin-left-none getwid-margin-right-none getwid-margin-tablet-left-none getwid-margin-tablet-right-none getwid-margin-mobile-left-none getwid-margin-mobile-right-none\" style=\"min-height:100px\"><div class=\"wp-block-getwid-section__inner-wrapper\" style=\"max-width:800px\"><div class=\"wp-block-getwid-section__background-holder\"><div class=\"wp-block-getwid-section__background has-background has-light-violet-background-color\"><\/div><div class=\"wp-block-getwid-section__foreground\"><\/div><\/div><div class=\"wp-block-getwid-section__content\"><div class=\"wp-block-getwid-section__inner-content\">\n<h2 class=\"wp-block-heading has-text-align-center al-h2\">Com puc contactar amb vosaltres?<\/h2>\n\n\n\n<p class=\"has-text-align-center has-dark-blue-color has-text-color\" style=\"font-size:15px\">Estem encantats d&#8217;ajudar-te en tot all\u00f2 que necessitis. Si tens preguntes, comentaris o si nom\u00e9s vols obtenir m\u00e9s informaci\u00f3 sobre els nostres serveis d&#8217;alumini, no dubtis en posar-te en contacte amb nosaltres. Aqu\u00ed tens com ens pots trobar<\/p>\n<\/div><\/div><\/div><\/div><\/div>\n\n\n\n<div class=\"wp-block-group alignwide\"><div class=\"wp-block-group__inner-container is-layout-constrained wp-block-group-is-layout-constrained\">\n<div style=\"height:30px\" aria-hidden=\"true\" class=\"wp-block-spacer\"><\/div>\n\n\n\n<div class=\"wp-block-columns alignfull is-layout-flex wp-container-core-columns-is-layout-9d6595d7 wp-block-columns-is-layout-flex\">\n<div class=\"wp-block-column has-dark-blue-color has-text-color has-background has-medium-font-size is-layout-flow wp-block-column-is-layout-flow\" style=\"background-color:#f7f7f7;flex-basis:100%\">\n<div style=\"margin-top:0px;margin-bottom:0px;margin-left:0px\" class=\"wp-block-getwid-icon is-aligned-center\"><div class=\"wp-block-getwid-icon__wrapper getwid-animation has-text-color has-black-color\" style=\"font-size:48px\" data-animation=\"pulse\"><i class=\"fas fa-phone-volume\"><\/i><\/div><\/div>\n\n\n\n<p class=\"has-text-align-center\"><a href=\"tel:+34935408400\">+34 935 40 84 00<\/a><\/p>\n<\/div>\n\n\n\n<div class=\"wp-block-column has-dark-blue-color has-text-color has-background is-layout-flow wp-block-column-is-layout-flow\" style=\"background-color:#f7f7f7;font-size:15px;flex-basis:100%\">\n<div style=\"margin-top:0px;margin-bottom:0px;margin-left:0px\" class=\"wp-block-getwid-icon is-aligned-center\"><div class=\"wp-block-getwid-icon__wrapper getwid-animation has-text-color has-black-color\" style=\"font-size:48px\" data-animation=\"pulse\"><i class=\"fas fa-envelope\"><\/i><\/div><\/div>\n\n\n\n<p class=\"has-text-align-center has-dark-blue-color has-text-color\"><a href=\"mailto:info@aluministecnicsbarcelona.com\">info@aluministecnicsbarcelona.com<\/a><\/p>\n<\/div>\n\n\n\n<div class=\"wp-block-column has-dark-blue-color has-text-color has-background is-layout-flow wp-block-column-is-layout-flow\" style=\"background-color:#f7f7f7;flex-basis:100%\">\n<div style=\"margin-top:0px;margin-bottom:0px;margin-left:0px\" class=\"wp-block-getwid-icon is-aligned-center\"><div class=\"wp-block-getwid-icon__wrapper getwid-animation has-text-color has-black-color\" style=\"font-size:48px\" data-animation=\"pulse\"><i class=\"fas fa-map-marker-alt\"><\/i><\/div><\/div>\n\n\n\n<p class=\"has-text-align-center has-dark-blue-color has-text-color\" style=\"font-size:15px\"><a href=\"https:\/\/goo.gl\/maps\/vpBGoKuXsRiBUHPh7\" target=\"_blank\" rel=\"noreferrer noopener nofollow\">Plaza Antoni Pujada, local 8<br>08328 &#8211; Alella, Barcelona<\/a><\/p>\n<\/div>\n<\/div>\n<\/div><\/div>\n\n\n\n<div class=\"wp-block-group alignwide\"><div class=\"wp-block-group__inner-container is-layout-constrained wp-block-group-is-layout-constrained\">\n<div class=\"wp-block-columns alignfull is-layout-flex wp-container-core-columns-is-layout-9d6595d7 wp-block-columns-is-layout-flex\">\n<div class=\"wp-block-column is-layout-flow wp-block-column-is-layout-flow\">\n<h3 class=\"wp-block-heading al-h3\">Contacta amb nosaltres<\/h3>\n\n\n\n<div class=\"wp-block-contact-form-7-contact-form-selector\">\n<div class=\"wpcf7 no-js\" id=\"wpcf7-f19586-o1\" lang=\"ca\" dir=\"ltr\" data-wpcf7-id=\"19586\">\n<div class=\"screen-reader-response\"><p role=\"status\" aria-live=\"polite\" aria-atomic=\"true\"><\/p> <ul><\/ul><\/div>\n<form action=\"\/ca\/wp-json\/wp\/v2\/pages\/13614#wpcf7-f19586-o1\" method=\"post\" class=\"wpcf7-form init\" aria-label=\"Formulari de contacte\" novalidate=\"novalidate\" data-status=\"init\">\n<fieldset class=\"hidden-fields-container\"><input type=\"hidden\" name=\"_wpcf7\" value=\"19586\" \/><input type=\"hidden\" name=\"_wpcf7_version\" value=\"6.1.5\" \/><input type=\"hidden\" name=\"_wpcf7_locale\" value=\"ca\" \/><input type=\"hidden\" name=\"_wpcf7_unit_tag\" value=\"wpcf7-f19586-o1\" \/><input type=\"hidden\" name=\"_wpcf7_container_post\" value=\"0\" \/><input type=\"hidden\" name=\"_wpcf7_posted_data_hash\" value=\"\" \/><input type=\"hidden\" name=\"_wpcf7_recaptcha_response\" value=\"\" \/>\n<\/fieldset>\n<!-- wp:group {\"layout\":{\"type\":\"constrained\"}} -->\n<div class=\"wp-block-group\" style=\"margin-bottom: 0px !important;\"><!-- wp:columns -->\n\t<div class=\"wp-block-columns\" style=\"margin-bottom: 0px !important;\"><!-- wp:column -->\n\t\t<div class=\"wp-block-column\" style=\"margin-bottom: 0px !important;\">\n\t\t\t<p><span class=\"wpcf7-form-control-wrap\" data-name=\"Name\"><input size=\"40\" maxlength=\"400\" class=\"wpcf7-form-control wpcf7-text wpcf7-validates-as-required\" aria-required=\"true\" aria-invalid=\"false\" placeholder=\"Nom(*)\" value=\"\" type=\"text\" name=\"Name\" \/><\/span><span class=\"right-border\"><\/span><span class=\"top-border\"><\/span><span class=\"left-border\"><\/span>\n\t\t\t<\/p>\n\t\t\t<p><span class=\"wpcf7-form-control-wrap\" data-name=\"E-mail\"><input size=\"40\" maxlength=\"400\" class=\"wpcf7-form-control wpcf7-email wpcf7-validates-as-required wpcf7-text wpcf7-validates-as-email\" aria-required=\"true\" aria-invalid=\"false\" placeholder=\"Correu electr\u00f2nic (*)\" value=\"\" type=\"email\" name=\"E-mail\" \/><\/span><span class=\"right-border\"><\/span><span class=\"top-border\"><\/span><span class=\"left-border\"><\/span>\n\t\t\t<\/p>\n\t\t<\/div>\n<!-- \/wp:column -->\n\n<!-- wp:column -->\n\t\t<div class=\"wp-block-column\"  style=\"margin-bottom: 0px !important;\">\n\t\t\t<p><span class=\"wpcf7-form-control-wrap\" data-name=\"tel-919\"><input size=\"40\" maxlength=\"400\" class=\"wpcf7-form-control wpcf7-tel wpcf7-validates-as-required wpcf7-text wpcf7-validates-as-tel\" aria-required=\"true\" aria-invalid=\"false\" placeholder=\"Tel\u00e8fon (*)\" value=\"\" type=\"tel\" name=\"tel-919\" \/><\/span><span class=\"right-border\"><\/span><span class=\"top-border\"><\/span><span class=\"left-border\"><\/span>\n\t\t\t<\/p>\n\t\t\t<p><span class=\"wpcf7-form-control-wrap\" data-name=\"text-883\"><input size=\"40\" maxlength=\"400\" class=\"wpcf7-form-control wpcf7-text wpcf7-validates-as-required\" aria-required=\"true\" aria-invalid=\"false\" placeholder=\"Localitat (*)\" value=\"\" type=\"text\" name=\"text-883\" \/><\/span><span class=\"right-border\"><\/span><span class=\"top-border\"><\/span><span class=\"left-border\"><\/span>\n\t\t\t<\/p>\n\t\t<\/div>\n<!-- \/wp:column -->\n\t<\/div>\n<!-- \/wp:columns -->\n<\/div>\n<!-- \/wp:group -->\n\n<!-- wp:group {\"layout\":{\"type\":\"constrained\"}} -->\n<div class=\"wp-block-group\" style=\"margin-bottom: 0px !important;\"><!-- wp:columns -->\n\t<div class=\"wp-block-columns\" style=\"margin-bottom: 0px !important;\"><!-- wp:column -->\n\t\t<div class=\"wp-block-column\"  style=\"margin-bottom: 0px !important;\">\n\t\t\t<p><span class=\"wpcf7-form-control-wrap\" data-name=\"Letter\"><textarea cols=\"10\" rows=\"3\" maxlength=\"2000\" class=\"wpcf7-form-control wpcf7-textarea\" aria-invalid=\"false\" placeholder=\"M&#039;interessaria saber..\" name=\"Letter\"><\/textarea><\/span><span class=\"right-border\"><\/span><span class=\"top-border\"><\/span><span class=\"left-border\"><\/span>\n\t\t\t<\/p>\n\t\t\t<p><label><span class=\"wpcf7-form-control-wrap\" data-name=\"acceptance-704\"><span class=\"wpcf7-form-control wpcf7-acceptance\"><span class=\"wpcf7-list-item\"><input type=\"checkbox\" name=\"acceptance-704\" value=\"1\" aria-invalid=\"false\" \/><\/span><\/span><\/span> En fer \u201cClic\u201d al Bot\u00f3 \u201cENVIAR\u201d l'usuari declara haver llegit i estar d'acord amb les condicions expressades al <a href=\"https:\/\/www.aluministecnicsbarcelona.com\/ca\/avis-legal\/\">\u201cAVIS LEGAL\u201d<\/a> i la <a href=\"https:\/\/www.aluministecnicsbarcelona.com\/ca\/politica-de-privacitat\/\">\u201cPOL\u00cdTICA DE PRIVACITAT\u201d<\/a> de la present Web.<\/label>\n\t\t\t<\/p>\n\t\t\t<p><input class=\"wpcf7-form-control wpcf7-submit has-spinner\" type=\"submit\" value=\"ENVIAR\" \/>\n\t\t\t<\/p>\n<!-- \/wp:column -->\n\t\t<\/div>\n<!-- \/wp:columns -->\n\t<\/div>\n<!-- \/wp:group -->\n<\/div><div class=\"wpcf7-response-output\" aria-hidden=\"true\"><\/div>\n<\/form>\n<\/div>\n<\/div>\n<\/div>\n\n\n\n<div class=\"wp-block-column is-layout-flow wp-block-column-is-layout-flow\">\n<h3 class=\"wp-block-heading\">On som<\/h3>\n\n\n\n<div class=\"wp-block-group\"><div class=\"wp-block-group__inner-container is-layout-constrained wp-block-group-is-layout-constrained\">\n<figure class=\"wp-block-image size-full\"><a href=\"https:\/\/maps.app.goo.gl\/W7BjFr56ek6wrzBL7\" target=\"_blank\" rel=\"noreferrer noopener\"><img loading=\"lazy\" decoding=\"async\" width=\"1024\" height=\"1024\" sizes=\"auto, (max-width: 1024px) 100vw, 1024px\" src=\"https:\/\/www.aluministecnicsbarcelona.com\/wp-content\/uploads\/2023\/11\/Aluminis-Tecnics-Alella-Carrer-de-la-Riera-Principal-20-08328-Barcelona.jpeg\" alt=\"Aluminios T\u00e9cnicos Alella Calle de la Riera Principal 20 08328 Barcelona\" class=\"wp-image-16623\" title=\"\" srcset=\"https:\/\/www.aluministecnicsbarcelona.com\/wp-content\/uploads\/2023\/11\/Aluminis-Tecnics-Alella-Carrer-de-la-Riera-Principal-20-08328-Barcelona.jpeg 1024w, https:\/\/www.aluministecnicsbarcelona.com\/wp-content\/uploads\/2023\/11\/Aluminis-Tecnics-Alella-Carrer-de-la-Riera-Principal-20-08328-Barcelona-300x300.jpeg 300w, https:\/\/www.aluministecnicsbarcelona.com\/wp-content\/uploads\/2023\/11\/Aluminis-Tecnics-Alella-Carrer-de-la-Riera-Principal-20-08328-Barcelona-150x150.jpeg 150w, https:\/\/www.aluministecnicsbarcelona.com\/wp-content\/uploads\/2023\/11\/Aluminis-Tecnics-Alella-Carrer-de-la-Riera-Principal-20-08328-Barcelona-768x768.jpeg 768w, https:\/\/www.aluministecnicsbarcelona.com\/wp-content\/uploads\/2023\/11\/Aluminis-Tecnics-Alella-Carrer-de-la-Riera-Principal-20-08328-Barcelona-938x938.jpeg 938w\" \/><\/a><\/figure>\n<\/div><\/div>\n<\/div>\n<\/div>\n<\/div><\/div>\n\n\n\n<div class=\"wp-block-group\"><div class=\"wp-block-group__inner-container is-layout-constrained wp-block-group-is-layout-constrained\">\n<div style=\"height:100px\" aria-hidden=\"true\" class=\"wp-block-spacer\"><\/div>\n<\/div><\/div>\n","protected":false},"excerpt":{"rendered":"<p>+34 935 40 84 00 info@aluministecnicsbarcelona.com Plaza Antoni Pujada, local 808328 &#8211; Alella, Barcelona Contacta amb nosaltres On som<\/p>\n","protected":false},"author":2,"featured_media":15547,"parent":0,"menu_order":0,"comment_status":"closed","ping_status":"closed","template":"template-uli-page.php","meta":{"_lmt_disableupdate":"","_lmt_disable":"","_joinchat":[],"footnotes":""},"class_list":["post-13614","page","type-page","status-publish","has-post-thumbnail","hentry"],"_links":{"self":[{"href":"https:\/\/www.aluministecnicsbarcelona.com\/ca\/wp-json\/wp\/v2\/pages\/13614","targetHints":{"allow":["GET"]}}],"collection":[{"href":"https:\/\/www.aluministecnicsbarcelona.com\/ca\/wp-json\/wp\/v2\/pages"}],"about":[{"href":"https:\/\/www.aluministecnicsbarcelona.com\/ca\/wp-json\/wp\/v2\/types\/page"}],"author":[{"embeddable":true,"href":"https:\/\/www.aluministecnicsbarcelona.com\/ca\/wp-json\/wp\/v2\/users\/2"}],"replies":[{"embeddable":true,"href":"https:\/\/www.aluministecnicsbarcelona.com\/ca\/wp-json\/wp\/v2\/comments?post=13614"}],"version-history":[{"count":15,"href":"https:\/\/www.aluministecnicsbarcelona.com\/ca\/wp-json\/wp\/v2\/pages\/13614\/revisions"}],"predecessor-version":[{"id":19890,"href":"https:\/\/www.aluministecnicsbarcelona.com\/ca\/wp-json\/wp\/v2\/pages\/13614\/revisions\/19890"}],"wp:featuredmedia":[{"embeddable":true,"href":"https:\/\/www.aluministecnicsbarcelona.com\/ca\/wp-json\/wp\/v2\/media\/15547"}],"wp:attachment":[{"href":"https:\/\/www.aluministecnicsbarcelona.com\/ca\/wp-json\/wp\/v2\/media?parent=13614"}],"curies":[{"name":"wp","href":"https:\/\/api.w.org\/{rel}","templated":true}]}}