{"id":13646,"date":"2024-02-19T11:36:53","date_gmt":"2024-02-19T11:36:53","guid":{"rendered":"https:\/\/www.aluministecnicsbarcelona.com\/ca\/mv-line-marca\/"},"modified":"2024-02-28T11:49:22","modified_gmt":"2024-02-28T11:49:22","slug":"mv-line","status":"publish","type":"page","link":"https:\/\/www.aluministecnicsbarcelona.com\/ca\/mv-line\/","title":{"rendered":"MV Line"},"content":{"rendered":"\n<div class=\"wp-block-cover alignfull is-light\" style=\"min-height:500px;aspect-ratio:unset;\"><span aria-hidden=\"true\" class=\"wp-block-cover__background has-background-dim-10 has-background-dim\"><\/span><img loading=\"lazy\" decoding=\"async\" width=\"938\" height=\"528\" src=\"https:\/\/www.aluministecnicsbarcelona.com\/wp-content\/uploads\/2023\/12\/MV-Line-Header-938x528.jpg\" class=\"wp-block-cover__image-background wp-post-image\" alt=\"MV-Line\" data-object-fit=\"cover\" srcset=\"https:\/\/www.aluministecnicsbarcelona.com\/wp-content\/uploads\/2023\/12\/MV-Line-Header-938x528.jpg 938w, https:\/\/www.aluministecnicsbarcelona.com\/wp-content\/uploads\/2023\/12\/MV-Line-Header-300x169.jpg 300w, https:\/\/www.aluministecnicsbarcelona.com\/wp-content\/uploads\/2023\/12\/MV-Line-Header-1024x576.jpg 1024w, https:\/\/www.aluministecnicsbarcelona.com\/wp-content\/uploads\/2023\/12\/MV-Line-Header-768x432.jpg 768w, https:\/\/www.aluministecnicsbarcelona.com\/wp-content\/uploads\/2023\/12\/MV-Line-Header-1536x864.jpg 1536w, https:\/\/www.aluministecnicsbarcelona.com\/wp-content\/uploads\/2023\/12\/MV-Line-Header-1130x636.jpg 1130w, https:\/\/www.aluministecnicsbarcelona.com\/wp-content\/uploads\/2023\/12\/MV-Line-Header.jpg 1920w\" sizes=\"auto, (max-width: 938px) 100vw, 938px\" title=\"\"><div class=\"wp-block-cover__inner-container is-layout-flow wp-block-cover-is-layout-flow\">\n<div class=\"wp-block-group\"><div class=\"wp-block-group__inner-container is-layout-constrained wp-block-group-is-layout-constrained\">\n<div class=\"wp-block-columns is-layout-flex wp-container-core-columns-is-layout-9d6595d7 wp-block-columns-is-layout-flex\">\n<div class=\"wp-block-column is-layout-flow wp-block-column-is-layout-flow\" style=\"flex-basis:100%\">\n<h1 class=\"wp-block-heading has-text-align-center has-light-blue-color has-text-color has-link-color wp-elements-9da7441d2d43d58f7801b67c2cdf530a\">MV Line Barcelona<\/h1>\n<\/div>\n<\/div>\n<\/div><\/div>\n<\/div><\/div>\n\n\n\n<div class=\"wp-block-group alignfull\"><div class=\"wp-block-group__inner-container is-layout-constrained wp-block-group-is-layout-constrained\">\n<div class=\"wp-block-columns alignfull is-layout-flex wp-container-core-columns-is-layout-9d6595d7 wp-block-columns-is-layout-flex\">\n<div class=\"wp-block-column is-layout-flow wp-block-column-is-layout-flow\"><\/div>\n\n\n\n<div class=\"wp-block-column is-layout-flow wp-block-column-is-layout-flow\">\n<div style=\"height:1px\" aria-hidden=\"true\" class=\"wp-block-spacer\"><\/div>\n\n\n<div class=\"wp-block-image\">\n<figure class=\"aligncenter size-full\"><img loading=\"lazy\" decoding=\"async\" width=\"300\" height=\"49\" sizes=\"auto, (max-width: 300px) 100vw, 300px\" src=\"https:\/\/www.aluministecnicsbarcelona.com\/wp-content\/uploads\/2023\/12\/MV-line.png\" alt=\"MV line logo\" class=\"wp-image-16852\" title=\"\"><\/figure>\n<\/div><\/div>\n\n\n\n<div class=\"wp-block-column is-layout-flow wp-block-column-is-layout-flow\"><\/div>\n<\/div>\n<\/div><\/div>\n\n\n\n<div class=\"wp-block-getwid-section alignfull alignfull getwid-section-content-custom-width\"><div class=\"wp-block-getwid-section__wrapper\"><div class=\"wp-block-getwid-section__inner-wrapper\"><div class=\"wp-block-getwid-section__background-holder\"><div class=\"wp-block-getwid-section__background has-background\" style=\"background-color:#f7f7f7\"><\/div><div class=\"wp-block-getwid-section__foreground\"><\/div><\/div><div class=\"wp-block-getwid-section__content\"><div class=\"wp-block-getwid-section__inner-content\">\n<div class=\"wp-block-columns alignwide is-layout-flex wp-container-core-columns-is-layout-9d6595d7 wp-block-columns-is-layout-flex\">\n<div class=\"wp-block-column is-layout-flow wp-block-column-is-layout-flow\" style=\"flex-basis:100%\">\n<h2 class=\"wp-block-heading alignfull has-text-align-left\" id=\"al-no-space\" style=\"font-size:32px\">Instal\u00b7laci\u00f3 de mosquiteres MV Line a Barcelona i prov\u00edncia<\/h2>\n\n\n\n<p>Les <strong>mosquiteres MV LINE<\/strong> s&#8217;han convertit en nom\u00e9s 10 anys en una marca de refer\u00e8ncia dins del sector. A <strong>Aluminis T\u00e8cnics Barcelona<\/strong> les <strong>instal\u00b7lem a tota la prov\u00edncia de Barcelona<\/strong>. Amb una \u00e0mplia varietat de sistemes per enfosquir i filtrar la llum solar, disposa d&#8217;una soluci\u00f3 adaptada a cada necessitat que pugui haver-hi, sigui la que sigui. A m\u00e9s, es mantenen en un proc\u00e9s continu d&#8217;investigaci\u00f3 per seguir innovant i oferint nous sistemes d&#8217;instal\u00b7laci\u00f3 i \u00fas, pensant sempre en l&#8217;efic\u00e0cia del seu producte.<\/p>\n\n\n\n<p>Aquestes mosquiteres <strong>s&#8217;ajusten perfectament a tot tipus de portes i finestres<\/strong>. No importa el sistema d&#8217;obertura que tingui, ja sigui que prefereixi la mosquitera es desplegui de forma lateral o vertical. Amb m\u00e9s de 20 models diferents per triar, tots ells disponibles en colors, mides i caracter\u00edstiques a la mida per ajustar-se a les necessitats i l&#8217;estil de qualsevol espai.<\/p>\n<\/div>\n<\/div>\n<\/div><\/div><\/div><\/div><\/div>\n\n\n\n<div class=\"wp-block-getwid-section alignfull alignfull getwid-section-content-custom-width\"><div class=\"wp-block-getwid-section__wrapper\"><div class=\"wp-block-getwid-section__inner-wrapper\"><div class=\"wp-block-getwid-section__background-holder\"><div class=\"wp-block-getwid-section__background\"><\/div><div class=\"wp-block-getwid-section__foreground\"><\/div><\/div><div class=\"wp-block-getwid-section__content\"><div class=\"wp-block-getwid-section__inner-content\">\n<div class=\"wp-block-columns has-2-columns are-vertically-aligned-center is-layout-flex wp-container-core-columns-is-layout-9d6595d7 wp-block-columns-is-layout-flex\">\n<div class=\"wp-block-column is-vertically-aligned-center is-layout-flow wp-block-column-is-layout-flow\">\n<h2 class=\"wp-block-heading has-text-align-left\">MV Line al millor preu, manual o motoritzat<\/h2>\n\n\n\n<p>Per a espais en els quals s&#8217;aposta per l&#8217;automatitzaci\u00f3 MV LINE compta amb models als quals es pot <strong>incorporar un motor controlat a dist\u00e0ncia per un comandament<\/strong>. Aix\u00ed es pot tenir en tot moment la mosquitera en el punt en el qual es desitja, de manera r\u00e0pida i c\u00f2moda. Tamb\u00e9 \u00e9s possible el sistema manual de sempre, segons les prefer\u00e8ncies del client.<\/p>\n\n\n\n<h2 class=\"wp-block-heading\">Materials innovadors de gran qualitat<\/h2>\n\n\n\n<p>Aquesta marca de mosquiteres disposa de materials innovadors de gran qualitat, adaptats a les necessitats de tots els projectes. A m\u00e9s d&#8217;una <strong>\u00e0mplia quantitat d&#8217;accessoris<\/strong> amb els quals rematar el conjunt i <strong>augmentar l&#8217;efic\u00e0cia de les seves mosquiteres<\/strong>. D&#8217;aquesta manera s&#8217;aconsegueixen els millors acabats i els m\u00e9s funcionals, independentment de si es tracta d&#8217;un model fabricat en <strong>kit per a instal\u00b7laci\u00f3 r\u00e0pida o una comanda a la mida<\/strong> per a un espai molt concret. Amb el suport d&#8217;un equip de professionals dedicats a la recerca i el desenvolupament per assegurar sempre els productes m\u00e9s avantguardistes, tant en el disseny com en la generaci\u00f3 de nous materials.<\/p>\n<\/div>\n\n\n\n<div class=\"wp-block-column is-vertically-aligned-center is-layout-flow wp-block-column-is-layout-flow\">\n<div class=\"wp-block-cover is-light\" style=\"min-height:512px;aspect-ratio:unset;\"><span aria-hidden=\"true\" class=\"wp-block-cover__background has-background-dim-0 has-background-dim\"><\/span><img loading=\"lazy\" decoding=\"async\" width=\"800\" height=\"600\" sizes=\"auto, (max-width: 800px) 100vw, 800px\" class=\"wp-block-cover__image-background wp-image-16856\" alt=\"MV-LINE Ventana\" src=\"https:\/\/www.aluministecnicsbarcelona.com\/wp-content\/uploads\/2023\/12\/MV-LINE-Ventana.jpg\" data-object-fit=\"cover\" title=\"\" srcset=\"https:\/\/www.aluministecnicsbarcelona.com\/wp-content\/uploads\/2023\/12\/MV-LINE-Ventana.jpg 800w, https:\/\/www.aluministecnicsbarcelona.com\/wp-content\/uploads\/2023\/12\/MV-LINE-Ventana-300x225.jpg 300w, https:\/\/www.aluministecnicsbarcelona.com\/wp-content\/uploads\/2023\/12\/MV-LINE-Ventana-768x576.jpg 768w\" \/><div class=\"wp-block-cover__inner-container is-layout-constrained wp-block-cover-is-layout-constrained\">\n<p class=\"has-text-align-center has-large-font-size\"><\/p>\n<\/div><\/div>\n<\/div>\n<\/div>\n<\/div><\/div><\/div><\/div><\/div>\n\n\n\n<div class=\"wp-block-getwid-section alignfull alignfull getwid-section-content-custom-width\"><div class=\"wp-block-getwid-section__wrapper\"><div class=\"wp-block-getwid-section__inner-wrapper\"><div class=\"wp-block-getwid-section__background-holder\"><div class=\"wp-block-getwid-section__background\"><\/div><div class=\"wp-block-getwid-section__foreground\"><\/div><\/div><div class=\"wp-block-getwid-section__content\"><div class=\"wp-block-getwid-section__inner-content\">\n<h3 class=\"wp-block-heading has-text-align-center\">V\u00eddeos de MV Line<\/h3>\n\n\n\n<div class=\"wp-block-columns alignwide is-layout-flex wp-container-core-columns-is-layout-9d6595d7 wp-block-columns-is-layout-flex\">\n<div class=\"wp-block-column is-layout-flow wp-block-column-is-layout-flow\">\n<figure class=\"wp-block-embed aligncenter is-type-video is-provider-youtube wp-block-embed-youtube wp-embed-aspect-16-9 wp-has-aspect-ratio\"><div class=\"wp-block-embed__wrapper\">\n<iframe loading=\"lazy\" title=\"Irene MV Line\" width=\"1130\" height=\"636\" src=\"https:\/\/www.youtube.com\/embed\/pC2shP2t_Jc?feature=oembed\" frameborder=\"0\" allow=\"accelerometer; autoplay; clipboard-write; encrypted-media; gyroscope; picture-in-picture; web-share\" allowfullscreen><\/iframe>\n<\/div><\/figure>\n<\/div>\n\n\n\n<div class=\"wp-block-column is-layout-flow wp-block-column-is-layout-flow\">\n<figure class=\"wp-block-embed aligncenter is-type-video is-provider-youtube wp-block-embed-youtube wp-embed-aspect-16-9 wp-has-aspect-ratio\"><div class=\"wp-block-embed__wrapper\">\n<iframe loading=\"lazy\" title=\"Zanzariera Irene Verticale MV Line - Istruzioni di Montaggio\" width=\"1130\" height=\"636\" src=\"https:\/\/www.youtube.com\/embed\/izFNkSImBf8?feature=oembed\" frameborder=\"0\" allow=\"accelerometer; autoplay; clipboard-write; encrypted-media; gyroscope; picture-in-picture; web-share\" allowfullscreen><\/iframe>\n<\/div><\/figure>\n<\/div>\n\n\n\n<div class=\"wp-block-column is-layout-flow wp-block-column-is-layout-flow\">\n<figure class=\"wp-block-embed aligncenter is-type-video is-provider-youtube wp-block-embed-youtube wp-embed-aspect-16-9 wp-has-aspect-ratio\"><div class=\"wp-block-embed__wrapper\">\n<iframe loading=\"lazy\" title=\"Mini Orienta Tapparella\" width=\"1130\" height=\"636\" src=\"https:\/\/www.youtube.com\/embed\/8JINtPJCo-Y?feature=oembed\" frameborder=\"0\" allow=\"accelerometer; autoplay; clipboard-write; encrypted-media; gyroscope; picture-in-picture; web-share\" allowfullscreen><\/iframe>\n<\/div><\/figure>\n<\/div>\n\n\n\n<div class=\"wp-block-column is-layout-flow wp-block-column-is-layout-flow\">\n<figure class=\"wp-block-embed aligncenter is-type-video is-provider-youtube wp-block-embed-youtube wp-embed-aspect-16-9 wp-has-aspect-ratio\"><div class=\"wp-block-embed__wrapper\">\n<iframe loading=\"lazy\" title=\"MvLine Billboard\" width=\"1130\" height=\"636\" src=\"https:\/\/www.youtube.com\/embed\/_xeHDri_rzs?feature=oembed\" frameborder=\"0\" allow=\"accelerometer; autoplay; clipboard-write; encrypted-media; gyroscope; picture-in-picture; web-share\" allowfullscreen><\/iframe>\n<\/div><\/figure>\n<\/div>\n<\/div>\n\n\n\n<div style=\"height:50px\" aria-hidden=\"true\" class=\"wp-block-spacer\"><\/div>\n<\/div><\/div><\/div><\/div><\/div>\n","protected":false},"excerpt":{"rendered":"","protected":false},"author":2,"featured_media":16851,"parent":0,"menu_order":0,"comment_status":"closed","ping_status":"closed","template":"template-uli-page.php","meta":{"_lmt_disableupdate":"","_lmt_disable":"","_joinchat":[],"footnotes":""},"class_list":["post-13646","page","type-page","status-publish","has-post-thumbnail","hentry"],"_links":{"self":[{"href":"https:\/\/www.aluministecnicsbarcelona.com\/ca\/wp-json\/wp\/v2\/pages\/13646","targetHints":{"allow":["GET"]}}],"collection":[{"href":"https:\/\/www.aluministecnicsbarcelona.com\/ca\/wp-json\/wp\/v2\/pages"}],"about":[{"href":"https:\/\/www.aluministecnicsbarcelona.com\/ca\/wp-json\/wp\/v2\/types\/page"}],"author":[{"embeddable":true,"href":"https:\/\/www.aluministecnicsbarcelona.com\/ca\/wp-json\/wp\/v2\/users\/2"}],"replies":[{"embeddable":true,"href":"https:\/\/www.aluministecnicsbarcelona.com\/ca\/wp-json\/wp\/v2\/comments?post=13646"}],"version-history":[{"count":4,"href":"https:\/\/www.aluministecnicsbarcelona.com\/ca\/wp-json\/wp\/v2\/pages\/13646\/revisions"}],"predecessor-version":[{"id":20049,"href":"https:\/\/www.aluministecnicsbarcelona.com\/ca\/wp-json\/wp\/v2\/pages\/13646\/revisions\/20049"}],"wp:featuredmedia":[{"embeddable":true,"href":"https:\/\/www.aluministecnicsbarcelona.com\/ca\/wp-json\/wp\/v2\/media\/16851"}],"wp:attachment":[{"href":"https:\/\/www.aluministecnicsbarcelona.com\/ca\/wp-json\/wp\/v2\/media?parent=13646"}],"curies":[{"name":"wp","href":"https:\/\/api.w.org\/{rel}","templated":true}]}}