{"id":13735,"date":"2024-02-19T11:36:53","date_gmt":"2024-02-19T11:36:53","guid":{"rendered":"https:\/\/www.aluministecnicsbarcelona.com\/ca\/somfy-marca\/"},"modified":"2024-02-28T12:16:23","modified_gmt":"2024-02-28T12:16:23","slug":"somfy","status":"publish","type":"page","link":"https:\/\/www.aluministecnicsbarcelona.com\/ca\/somfy\/","title":{"rendered":"SOMFY"},"content":{"rendered":"\n<div class=\"wp-block-cover alignfull is-light wp-embed-aspect-16-9 wp-has-aspect-ratio\" style=\"min-height:500px;aspect-ratio:unset;\"><span aria-hidden=\"true\" class=\"wp-block-cover__background has-background-dim-10 has-background-dim\"><\/span><img loading=\"lazy\" decoding=\"async\" width=\"938\" height=\"528\" src=\"https:\/\/www.aluministecnicsbarcelona.com\/wp-content\/uploads\/2023\/12\/Somfy-expert-en-Aluminis-Tecnics-Barcelona-938x528.jpg\" class=\"wp-block-cover__image-background wp-post-image\" alt=\"Somfy expert en Aluminis Te\u0301cnics Barcelona\" data-object-fit=\"cover\" data-object-position=\"50% 100%\" style=\"object-position:50% 100%;\" srcset=\"https:\/\/www.aluministecnicsbarcelona.com\/wp-content\/uploads\/2023\/12\/Somfy-expert-en-Aluminis-Tecnics-Barcelona-938x528.jpg 938w, https:\/\/www.aluministecnicsbarcelona.com\/wp-content\/uploads\/2023\/12\/Somfy-expert-en-Aluminis-Tecnics-Barcelona-300x169.jpg 300w, https:\/\/www.aluministecnicsbarcelona.com\/wp-content\/uploads\/2023\/12\/Somfy-expert-en-Aluminis-Tecnics-Barcelona-1024x576.jpg 1024w, https:\/\/www.aluministecnicsbarcelona.com\/wp-content\/uploads\/2023\/12\/Somfy-expert-en-Aluminis-Tecnics-Barcelona-768x432.jpg 768w, https:\/\/www.aluministecnicsbarcelona.com\/wp-content\/uploads\/2023\/12\/Somfy-expert-en-Aluminis-Tecnics-Barcelona-1536x864.jpg 1536w, https:\/\/www.aluministecnicsbarcelona.com\/wp-content\/uploads\/2023\/12\/Somfy-expert-en-Aluminis-Tecnics-Barcelona-1130x636.jpg 1130w, https:\/\/www.aluministecnicsbarcelona.com\/wp-content\/uploads\/2023\/12\/Somfy-expert-en-Aluminis-Tecnics-Barcelona.jpg 1920w\" sizes=\"auto, (max-width: 938px) 100vw, 938px\" title=\"\"><div class=\"wp-block-cover__inner-container is-layout-flow wp-block-cover-is-layout-flow\">\n<div class=\"wp-block-group\"><div class=\"wp-block-group__inner-container is-layout-constrained wp-block-group-is-layout-constrained\">\n<div class=\"wp-block-columns is-layout-flex wp-container-core-columns-is-layout-9d6595d7 wp-block-columns-is-layout-flex\">\n<div class=\"wp-block-column is-layout-flow wp-block-column-is-layout-flow\" style=\"flex-basis:100%\">\n<h1 class=\"wp-block-heading has-text-align-center has-light-blue-color has-text-color has-link-color wp-elements-2d2a5a4ed89b2685dd0a1357f6e20247\">Somfy Barcelona<\/h1>\n<\/div>\n<\/div>\n<\/div><\/div>\n<\/div><\/div>\n\n\n\n<div class=\"wp-block-group wp-embed-aspect-16-9 wp-has-aspect-ratio\"><div class=\"wp-block-group__inner-container is-layout-constrained wp-block-group-is-layout-constrained\">\n<div class=\"wp-block-columns alignfull is-layout-flex wp-container-core-columns-is-layout-9d6595d7 wp-block-columns-is-layout-flex\">\n<div class=\"wp-block-column is-layout-flow wp-block-column-is-layout-flow\"><\/div>\n\n\n\n<div class=\"wp-block-column is-layout-flow wp-block-column-is-layout-flow\">\n<div style=\"height:0px\" aria-hidden=\"true\" class=\"wp-block-spacer\"><\/div>\n\n\n<div class=\"wp-block-image\">\n<figure class=\"aligncenter size-full is-resized\"><img loading=\"lazy\" decoding=\"async\" width=\"320\" height=\"87\" sizes=\"auto, (max-width: 320px) 100vw, 320px\" src=\"https:\/\/www.aluministecnicsbarcelona.com\/wp-content\/uploads\/2023\/12\/Somfy-logo.png\" alt=\"Somfy logo\" class=\"wp-image-16923\" style=\"width:300px\" title=\"\" srcset=\"https:\/\/www.aluministecnicsbarcelona.com\/wp-content\/uploads\/2023\/12\/Somfy-logo.png 320w, https:\/\/www.aluministecnicsbarcelona.com\/wp-content\/uploads\/2023\/12\/Somfy-logo-300x82.png 300w\" \/><\/figure>\n<\/div><\/div>\n\n\n\n<div class=\"wp-block-column is-layout-flow wp-block-column-is-layout-flow\"><\/div>\n<\/div>\n<\/div><\/div>\n\n\n\n<div class=\"wp-block-getwid-section wp-embed-aspect-16-9 wp-has-aspect-ratio aligncenter alignfull alignfull getwid-section-content-custom-width\"><div class=\"wp-block-getwid-section__wrapper\"><div class=\"wp-block-getwid-section__inner-wrapper\"><div class=\"wp-block-getwid-section__background-holder\"><div class=\"wp-block-getwid-section__background has-background\" style=\"background-color:#f7f7f7\"><\/div><div class=\"wp-block-getwid-section__foreground\"><\/div><\/div><div class=\"wp-block-getwid-section__content\"><div class=\"wp-block-getwid-section__inner-content\">\n<div class=\"wp-block-columns alignwide is-layout-flex wp-container-core-columns-is-layout-9d6595d7 wp-block-columns-is-layout-flex\">\n<div class=\"wp-block-column is-layout-flow wp-block-column-is-layout-flow\" style=\"flex-basis:100%\">\n<h2 class=\"wp-block-heading alignfull has-text-align-left\" id=\"al-no-space\">Instal\u00b7laci\u00f3 Expert de Somfy a Barcelona i prov\u00edncia<\/h2>\n\n\n\n<p><strong>Somfy \u00e9s l\u00edder mundial<\/strong> en aplicacions per a l&#8217;<a href=\"https:\/\/www.aluministecnicsbarcelona.com\/ca\/automatismes-domotica-barcelona\/\">automatitzaci\u00f3 i dom\u00f2tica<\/a> de l&#8217;habitatge. Disposes d&#8217;un <strong>cat\u00e0leg de productes i idees del m\u00e9s innovador<\/strong>, amb els quals convertir un habitatge normal en un espai intel\u00b7ligent i amb la major efici\u00e8ncia. A m\u00e9s, t\u00e9 acords amb els principals fabricants per continuar desenvolupant nous productes que es <strong>poden controlar amb un comandament a dist\u00e0ncia, programar o automatitzar<\/strong> perqu\u00e8 reaccionin d&#8217;una manera concreta en funci\u00f3 de les condicions que s&#8217;estiguin donant en temps real.<\/p>\n\n\n\n<p>Aluminis T\u00e8cnics Barcelona oferim <strong>instal\u00b7laci\u00f3 expert de Somfy a Barcelona prov\u00edncia<\/strong>, oferint un servei i garanties professionals per a la teva major tranquil\u00b7litat.<\/p>\n<\/div>\n<\/div>\n<\/div><\/div><\/div><\/div><\/div>\n\n\n\n<div class=\"wp-block-getwid-section wp-embed-aspect-16-9 wp-has-aspect-ratio aligncenter aligncenter getwid-section-content-custom-width\"><div class=\"wp-block-getwid-section__wrapper\"><div class=\"wp-block-getwid-section__inner-wrapper\"><div class=\"wp-block-getwid-section__background-holder\"><div class=\"wp-block-getwid-section__background\"><\/div><div class=\"wp-block-getwid-section__foreground\"><\/div><\/div><div class=\"wp-block-getwid-section__content\"><div class=\"wp-block-getwid-section__inner-content\">\n<div class=\"wp-block-columns alignwide are-vertically-aligned-center is-layout-flex wp-container-core-columns-is-layout-9d6595d7 wp-block-columns-is-layout-flex\">\n<div class=\"wp-block-column is-vertically-aligned-center is-layout-flow wp-block-column-is-layout-flow\" style=\"flex-basis:100%\">\n<h3 class=\"wp-block-heading has-text-align-center\" style=\"font-size:32px\">Instal\u00b7lem els seg\u00fcents sistemes de Somfy<\/h3>\n\n\n\n<div style=\"height:10px\" aria-hidden=\"true\" class=\"wp-block-spacer\"><\/div>\n\n\n        <div class=\"wp-block-getwid-custom-post-type custom-post-type-page alignwide has-layout-grid has-spacing-small\">\r\n            <div class=\"wp-block-getwid-custom-post-type__wrapper getwid-columns getwid-columns-2\">\r\n                \t\t\t\t\t\t\t\t<div class='wp-block-getwid-custom-post-type__post'>\r\n\t\t\t\t\t\t\t\t\t\n<div class=\"wp-block-columns is-layout-flex wp-container-core-columns-is-layout-9d6595d7 wp-block-columns-is-layout-flex\">\n<div class=\"wp-block-column is-layout-flow wp-block-column-is-layout-flow\" style=\"flex-basis:100%\">\n<div class=\"wp-block-cover is-light\"><span aria-hidden=\"true\" class=\"wp-block-cover__background has-background-dim-20 has-background-dim\"><\/span><img loading=\"lazy\" decoding=\"async\" width=\"938\" height=\"469\" src=\"https:\/\/www.aluministecnicsbarcelona.com\/wp-content\/uploads\/2024\/01\/Somfy-Automatismos-938x469.webp\" class=\"wp-block-cover__image-background wp-post-image\" alt=\"Somfy Automatismos\" data-object-fit=\"cover\" srcset=\"https:\/\/www.aluministecnicsbarcelona.com\/wp-content\/uploads\/2024\/01\/Somfy-Automatismos-938x469.webp 938w, https:\/\/www.aluministecnicsbarcelona.com\/wp-content\/uploads\/2024\/01\/Somfy-Automatismos-300x150.webp 300w, https:\/\/www.aluministecnicsbarcelona.com\/wp-content\/uploads\/2024\/01\/Somfy-Automatismos-1024x512.webp 1024w, https:\/\/www.aluministecnicsbarcelona.com\/wp-content\/uploads\/2024\/01\/Somfy-Automatismos-768x384.webp 768w, https:\/\/www.aluministecnicsbarcelona.com\/wp-content\/uploads\/2024\/01\/Somfy-Automatismos-1536x768.webp 1536w, https:\/\/www.aluministecnicsbarcelona.com\/wp-content\/uploads\/2024\/01\/Somfy-Automatismos-1130x565.webp 1130w, https:\/\/www.aluministecnicsbarcelona.com\/wp-content\/uploads\/2024\/01\/Somfy-Automatismos.jpg 1920w\" sizes=\"auto, (max-width: 938px) 100vw, 938px\" title=\"\"><div class=\"wp-block-cover__inner-container is-layout-constrained wp-block-cover-is-layout-constrained\">\r\n<h3 style=\"text-align: center;font-size: 30px;color:#fff;\" class=\"wp-block-getwid-template-post-title has-text-color\"><a class=\"wp-block-getwid-template-post-title__link\" href=\"https:\/\/www.aluministecnicsbarcelona.com\/ca\/somfy\/automatismes-somfy\/\">Automatismes Somfy<\/a><\/h3><\/div><\/div>\n<\/div>\n<\/div>\n\t\t\t\t\t\t\t\t<\/div>\r\n\t\t\t\t\t\t\t\t\t\t\t\t\t\t\t<div class='wp-block-getwid-custom-post-type__post'>\r\n\t\t\t\t\t\t\t\t\t\n<div class=\"wp-block-columns is-layout-flex wp-container-core-columns-is-layout-9d6595d7 wp-block-columns-is-layout-flex\">\n<div class=\"wp-block-column is-layout-flow wp-block-column-is-layout-flow\" style=\"flex-basis:100%\">\n<div class=\"wp-block-cover is-light\"><span aria-hidden=\"true\" class=\"wp-block-cover__background has-background-dim-20 has-background-dim\"><\/span><img loading=\"lazy\" decoding=\"async\" width=\"938\" height=\"469\" src=\"https:\/\/www.aluministecnicsbarcelona.com\/wp-content\/uploads\/2024\/01\/Domotica-Tahoma-Somfy-938x469.webp\" class=\"wp-block-cover__image-background wp-post-image\" alt=\"Tahoma Somfy Domo\u0301tica\" data-object-fit=\"cover\" srcset=\"https:\/\/www.aluministecnicsbarcelona.com\/wp-content\/uploads\/2024\/01\/Domotica-Tahoma-Somfy-938x469.webp 938w, https:\/\/www.aluministecnicsbarcelona.com\/wp-content\/uploads\/2024\/01\/Domotica-Tahoma-Somfy-300x150.webp 300w, https:\/\/www.aluministecnicsbarcelona.com\/wp-content\/uploads\/2024\/01\/Domotica-Tahoma-Somfy-1024x512.webp 1024w, https:\/\/www.aluministecnicsbarcelona.com\/wp-content\/uploads\/2024\/01\/Domotica-Tahoma-Somfy-768x384.webp 768w, https:\/\/www.aluministecnicsbarcelona.com\/wp-content\/uploads\/2024\/01\/Domotica-Tahoma-Somfy-1536x768.webp 1536w, https:\/\/www.aluministecnicsbarcelona.com\/wp-content\/uploads\/2024\/01\/Domotica-Tahoma-Somfy-1130x565.webp 1130w, https:\/\/www.aluministecnicsbarcelona.com\/wp-content\/uploads\/2024\/01\/Domotica-Tahoma-Somfy.jpg 1920w\" sizes=\"auto, (max-width: 938px) 100vw, 938px\" title=\"\"><div class=\"wp-block-cover__inner-container is-layout-constrained wp-block-cover-is-layout-constrained\">\r\n<h3 style=\"text-align: center;font-size: 30px;color:#fff;\" class=\"wp-block-getwid-template-post-title has-text-color\"><a class=\"wp-block-getwid-template-post-title__link\" href=\"https:\/\/www.aluministecnicsbarcelona.com\/ca\/somfy\/domotica-tahoma-somfy\/\">Dom\u00f2tica Tahoma Somfy<\/a><\/h3><\/div><\/div>\n<\/div>\n<\/div>\n\t\t\t\t\t\t\t\t<\/div>\r\n\t\t\t\t\t\t\t            <\/div>\r\n\r\n                    <\/div>\r\n        <\/div>\n<\/div>\n<\/div><\/div><\/div><\/div><\/div>\n\n\n\n<div class=\"wp-block-getwid-section wp-embed-aspect-16-9 wp-has-aspect-ratio aligncenter alignfull alignfull getwid-section-content-custom-width\"><div class=\"wp-block-getwid-section__wrapper\"><div class=\"wp-block-getwid-section__inner-wrapper\"><div class=\"wp-block-getwid-section__background-holder\"><div class=\"wp-block-getwid-section__background has-background\" style=\"background-color:#f7f7f7\"><\/div><div class=\"wp-block-getwid-section__foreground\"><\/div><\/div><div class=\"wp-block-getwid-section__content\"><div class=\"wp-block-getwid-section__inner-content\">\n<div class=\"wp-block-columns has-2-columns are-vertically-aligned-center is-layout-flex wp-container-core-columns-is-layout-9d6595d7 wp-block-columns-is-layout-flex\">\n<div class=\"wp-block-column is-vertically-aligned-center is-layout-flow wp-block-column-is-layout-flow\">\n<h2 class=\"wp-block-heading has-text-align-left\">Sistema dom\u00f2tic Somfy per automatitzar la teva casa<\/h2>\n\n\n\n<p>Amb els <strong>automatismes Somfy es poden controlar alhora totes les persianes<\/strong> d&#8217;una casa o una habitaci\u00f3 concreta, obrir o tancar les portes, programar determinades accions a certes hores per aprofitar la llum o protegir-se de la calor, etc. Tamb\u00e9 disposa d&#8217;un complet assortit de sensors de temperatura i sol, perqu\u00e8 tendals, finestres i persianes funcionin de manera autom\u00e0tica quan comenci a fer calor o el sol s&#8217;amagui per\u00f2 encara hi hagi claredat. Aprofitant d&#8217;aquesta manera l&#8217;il\u00b7luminaci\u00f3 natural i reduint les necessitats d&#8217;encendre una bombeta.<\/p>\n\n\n\n<p>Un altre dels <strong>productes destacats de Somfy<\/strong> \u00e9s l&#8217;aplicaci\u00f3 <a href=\"https:\/\/www.aluministecnicsbarcelona.com\/ca\/somfy\/domotica-tahoma-somfy\/\">TaHoma<\/a>\u00ae. Un <strong>control dom\u00f2tic que permet programar i monitoritzar tots els elements autom\u00e0tics d&#8217;una instal\u00b7laci\u00f3 fins i tot a dist\u00e0ncia<\/strong>. De manera molt senzilla i intu\u00eftiva per personalitzar qualsevol element segons les nostres prefer\u00e8ncies.<\/p>\n\n\n\n<p>El seu <strong>sistema sense cables<\/strong> permet incorporar nous dispositius connectats i automatitzar en qualsevol moment, sense necessitat d&#8217;obres i de manera gaireb\u00e9 immediata. <strong>TaHoma\u00ae<\/strong> \u00e9s compatible amb diferents protocols, de manera que hi ha multitud d&#8217;aparells que ja es poden controlar amb aquest sistema. <\/p>\n\n\n\n<p>Una clara aposta de la marca per adaptar-se i fer encara m\u00e9s f\u00e0cil l&#8217;acc\u00e9s de tothom al potencial que tenen els automatismes i la dom\u00f2tica. Millora l&#8217;efici\u00e8ncia de qualsevol construcci\u00f3, no importa si \u00e9s un habitatge particular o un edifici.<\/p>\n<\/div>\n\n\n\n<div class=\"wp-block-column is-vertically-aligned-center is-layout-flow wp-block-column-is-layout-flow\">\n<div class=\"wp-block-cover is-light\" style=\"min-height:512px;aspect-ratio:unset;\"><span aria-hidden=\"true\" class=\"wp-block-cover__background has-background-dim-0 has-background-dim\"><\/span><img loading=\"lazy\" decoding=\"async\" width=\"600\" height=\"500\" sizes=\"auto, (max-width: 600px) 100vw, 600px\" class=\"wp-block-cover__image-background wp-image-12988\" alt=\"\" src=\"https:\/\/www.aluministecnicsbarcelona.com\/wp-content\/uploads\/2016\/09\/gradhermetic_2.jpg\" data-object-fit=\"cover\" title=\"\" srcset=\"https:\/\/www.aluministecnicsbarcelona.com\/wp-content\/uploads\/2016\/09\/gradhermetic_2.jpg 600w, https:\/\/www.aluministecnicsbarcelona.com\/wp-content\/uploads\/2016\/09\/gradhermetic_2-300x250.jpg 300w\" \/><div class=\"wp-block-cover__inner-container is-layout-constrained wp-block-cover-is-layout-constrained\">\n<p class=\"has-text-align-center has-large-font-size\"><\/p>\n<\/div><\/div>\n<\/div>\n<\/div>\n<\/div><\/div><\/div><\/div><\/div>\n\n\n\n<div class=\"wp-block-getwid-section wp-embed-aspect-16-9 wp-has-aspect-ratio aligncenter aligncenter getwid-section-content-custom-width\"><div class=\"wp-block-getwid-section__wrapper\"><div class=\"wp-block-getwid-section__inner-wrapper\"><div class=\"wp-block-getwid-section__background-holder\"><div class=\"wp-block-getwid-section__background\"><\/div><div class=\"wp-block-getwid-section__foreground\"><\/div><\/div><div class=\"wp-block-getwid-section__content\"><div class=\"wp-block-getwid-section__inner-content\">\n<h3 class=\"wp-block-heading has-text-align-center\">V\u00eddeos de Somfy<\/h3>\n\n\n\n<div class=\"wp-block-columns alignwide is-layout-flex wp-container-core-columns-is-layout-9d6595d7 wp-block-columns-is-layout-flex\">\n<div class=\"wp-block-column is-vertically-aligned-center is-layout-flow wp-block-column-is-layout-flow\">\n<figure class=\"wp-block-embed aligncenter is-type-video is-provider-youtube wp-block-embed-youtube wp-embed-aspect-16-9 wp-has-aspect-ratio\"><div class=\"wp-block-embed__wrapper\">\n<iframe loading=\"lazy\" title=\"Happify your home with a motorized awning powered by Somfy\" width=\"1130\" height=\"636\" src=\"https:\/\/www.youtube.com\/embed\/ghSP3DCEPYM?feature=oembed\" frameborder=\"0\" allow=\"accelerometer; autoplay; clipboard-write; encrypted-media; gyroscope; picture-in-picture; web-share\" allowfullscreen><\/iframe>\n<\/div><\/figure>\n<\/div>\n\n\n\n<div class=\"wp-block-column is-layout-flow wp-block-column-is-layout-flow\">\n<figure class=\"wp-block-embed is-type-video is-provider-youtube wp-block-embed-youtube wp-embed-aspect-16-9 wp-has-aspect-ratio\"><div class=\"wp-block-embed__wrapper\">\n<iframe loading=\"lazy\" title=\"Somfy Sonesse Ultra 50 designed for silence\" width=\"1130\" height=\"636\" src=\"https:\/\/www.youtube.com\/embed\/3wns66lsnnU?feature=oembed\" frameborder=\"0\" allow=\"accelerometer; autoplay; clipboard-write; encrypted-media; gyroscope; picture-in-picture; web-share\" allowfullscreen><\/iframe>\n<\/div><\/figure>\n<\/div>\n\n\n\n<div class=\"wp-block-column is-layout-flow wp-block-column-is-layout-flow\">\n<figure class=\"wp-block-embed is-type-video is-provider-youtube wp-block-embed-youtube wp-embed-aspect-16-9 wp-has-aspect-ratio\"><div class=\"wp-block-embed__wrapper\">\n<iframe loading=\"lazy\" title=\"Somfy Motorized Rolling Shutters - Storm Protection\" width=\"1130\" height=\"636\" src=\"https:\/\/www.youtube.com\/embed\/hpxZSb5Kp0Q?feature=oembed\" frameborder=\"0\" allow=\"accelerometer; autoplay; clipboard-write; encrypted-media; gyroscope; picture-in-picture; web-share\" allowfullscreen><\/iframe>\n<\/div><\/figure>\n<\/div>\n\n\n\n<div class=\"wp-block-column is-layout-flow wp-block-column-is-layout-flow\">\n<figure class=\"wp-block-embed is-type-video is-provider-youtube wp-block-embed-youtube wp-embed-aspect-16-9 wp-has-aspect-ratio\"><div class=\"wp-block-embed__wrapper\">\n<iframe loading=\"lazy\" title=\"Jillian Mercado Motorized Shades Testimonial\" width=\"1130\" height=\"636\" src=\"https:\/\/www.youtube.com\/embed\/OCCzqQDL7M0?feature=oembed\" frameborder=\"0\" allow=\"accelerometer; autoplay; clipboard-write; encrypted-media; gyroscope; picture-in-picture; web-share\" allowfullscreen><\/iframe>\n<\/div><\/figure>\n<\/div>\n<\/div>\n\n\n\n<div style=\"height:50px\" aria-hidden=\"true\" class=\"wp-block-spacer\"><\/div>\n<\/div><\/div><\/div><\/div><\/div>\n","protected":false},"excerpt":{"rendered":"","protected":false},"author":2,"featured_media":16929,"parent":0,"menu_order":0,"comment_status":"closed","ping_status":"closed","template":"template-uli-page.php","meta":{"_lmt_disableupdate":"","_lmt_disable":"","_joinchat":[],"footnotes":""},"class_list":["post-13735","page","type-page","status-publish","has-post-thumbnail","hentry"],"_links":{"self":[{"href":"https:\/\/www.aluministecnicsbarcelona.com\/ca\/wp-json\/wp\/v2\/pages\/13735","targetHints":{"allow":["GET"]}}],"collection":[{"href":"https:\/\/www.aluministecnicsbarcelona.com\/ca\/wp-json\/wp\/v2\/pages"}],"about":[{"href":"https:\/\/www.aluministecnicsbarcelona.com\/ca\/wp-json\/wp\/v2\/types\/page"}],"author":[{"embeddable":true,"href":"https:\/\/www.aluministecnicsbarcelona.com\/ca\/wp-json\/wp\/v2\/users\/2"}],"replies":[{"embeddable":true,"href":"https:\/\/www.aluministecnicsbarcelona.com\/ca\/wp-json\/wp\/v2\/comments?post=13735"}],"version-history":[{"count":7,"href":"https:\/\/www.aluministecnicsbarcelona.com\/ca\/wp-json\/wp\/v2\/pages\/13735\/revisions"}],"predecessor-version":[{"id":20057,"href":"https:\/\/www.aluministecnicsbarcelona.com\/ca\/wp-json\/wp\/v2\/pages\/13735\/revisions\/20057"}],"wp:featuredmedia":[{"embeddable":true,"href":"https:\/\/www.aluministecnicsbarcelona.com\/ca\/wp-json\/wp\/v2\/media\/16929"}],"wp:attachment":[{"href":"https:\/\/www.aluministecnicsbarcelona.com\/ca\/wp-json\/wp\/v2\/media?parent=13735"}],"curies":[{"name":"wp","href":"https:\/\/api.w.org\/{rel}","templated":true}]}}