{"id":14577,"date":"2024-02-19T11:36:53","date_gmt":"2024-02-19T11:36:53","guid":{"rendered":"https:\/\/www.aluministecnicsbarcelona.com\/es\/?page_id=14577"},"modified":"2024-02-27T18:23:22","modified_gmt":"2024-02-27T18:23:22","slug":"pergoles-bioclimatiques","status":"publish","type":"page","link":"https:\/\/www.aluministecnicsbarcelona.com\/ca\/pergoles-bioclimatiques\/","title":{"rendered":"P\u00e8rgoles bioclim\u00e0tiques"},"content":{"rendered":"\n<div class=\"wp-block-cover alignfull\"><span aria-hidden=\"true\" class=\"wp-block-cover__background has-background-dim\"><\/span><img loading=\"lazy\" decoding=\"async\" width=\"938\" height=\"314\" src=\"https:\/\/www.aluministecnicsbarcelona.com\/wp-content\/uploads\/2016\/09\/pergolas_titulo.jpg\" class=\"wp-block-cover__image-background wp-post-image\" alt=\"P\u00e9rgolas de aluminio\" data-object-fit=\"cover\" data-object-position=\"50% 0%\" style=\"object-position:50% 0%;\" srcset=\"https:\/\/www.aluministecnicsbarcelona.com\/wp-content\/uploads\/2016\/09\/pergolas_titulo.jpg 1600w, https:\/\/www.aluministecnicsbarcelona.com\/wp-content\/uploads\/2016\/09\/pergolas_titulo-300x100.jpg 300w, https:\/\/www.aluministecnicsbarcelona.com\/wp-content\/uploads\/2016\/09\/pergolas_titulo-768x257.jpg 768w, https:\/\/www.aluministecnicsbarcelona.com\/wp-content\/uploads\/2016\/09\/pergolas_titulo-1024x342.jpg 1024w\" sizes=\"auto, (max-width: 938px) 100vw, 938px\" title=\"\"><div class=\"wp-block-cover__inner-container is-layout-flow wp-block-cover-is-layout-flow\">\n<div class=\"wp-block-group\"><div class=\"wp-block-group__inner-container is-layout-constrained wp-block-group-is-layout-constrained\">\n<div class=\"wp-block-columns is-layout-flex wp-container-core-columns-is-layout-9d6595d7 wp-block-columns-is-layout-flex\">\n<div class=\"wp-block-column is-layout-flow wp-block-column-is-layout-flow\" style=\"flex-basis:100%\">\n<h1 class=\"wp-block-heading has-text-align-center has-light-blue-color has-text-color has-link-color wp-elements-acec0933b5026befb71d117adcccb197\">P\u00e8rgoles bioclim\u00e0tiques<\/h1>\n<\/div>\n<\/div>\n<\/div><\/div>\n<\/div><\/div>\n\n\n\n<div class=\"wp-block-getwid-section alignfull alignfull getwid-section-content-custom-width\"><div class=\"wp-block-getwid-section__wrapper getwid-padding-top-normal\"><div class=\"wp-block-getwid-section__inner-wrapper\"><div class=\"wp-block-getwid-section__background-holder\"><div class=\"wp-block-getwid-section__background has-background\" style=\"background-color:#f7f7f7\"><\/div><div class=\"wp-block-getwid-section__foreground\"><\/div><\/div><div class=\"wp-block-getwid-section__content\"><div class=\"wp-block-getwid-section__inner-content\">\n<div class=\"wp-block-columns alignwide is-layout-flex wp-container-core-columns-is-layout-9d6595d7 wp-block-columns-is-layout-flex\">\n<div class=\"wp-block-column is-layout-flow wp-block-column-is-layout-flow\" style=\"flex-basis:100%\">\n<h2 class=\"wp-block-heading alignfull has-text-align-left\" id=\"al-no-space\">Instal\u00b7laci\u00f3 de p\u00e8rgoles bioclim\u00e0tiques d&#8217;alumini a Barcelona i prov\u00edncia<\/h2>\n\n\n\n<p>Les <strong>p\u00e8rgoles bioclim\u00e0tiques d&#8217;alumini<\/strong> s\u00f3n una forma estupenda d&#8217;aprofitar l&#8217;espai exterior d&#8217;habitatges i locals. S\u00f3n decoratives i elegants, alhora d&#8217;oferir una protecci\u00f3 front a la calor excessiva, l&#8217;aire o la pluja. A Aluminis T\u00e8cnics, especialistes en <a href=\"https:\/\/www.aluministecnicsbarcelona.com\/ca\/\">fusteria d&#8217;alumini a Barcelona<\/a>, treballem amb <a href=\"https:\/\/www.aluministecnicsbarcelona.com\/ca\/pergoles-alumini\/\">p\u00e8rgoles d&#8217;alumini<\/a>, <a href=\"https:\/\/www.aluministecnicsbarcelona.com\/ca\/pergolas-de-lona-tensada\/\">p\u00e8rgoles de lona tensada<\/a> i tamb\u00e9 amb p\u00e8rgoles bioclim\u00e0tiques.<\/p>\n\n\n\n<p>Les <strong>p\u00e8rgoles bioclim\u00e0tiques s\u00f3n un sistema patentat de lames orientables<\/strong> que millora encara m\u00e9s les propietats de les p\u00e8rgoles convencionals. S\u00f3n f\u00e0cils d&#8217;integrar en qualsevol tipus de decoraci\u00f3, fabricades a mida i amb la garantia d&#8217;una marca que porta 15 anys oferint al mercat un producte de primera qualitat. Amb el m\u00ednim manteniment vost\u00e8 podr\u00e0 gaudir de les avantatges d&#8217;una p\u00e8rgola d&#8217;alumini amb grans possibilitats.<\/p>\n<\/div>\n<\/div>\n<\/div><\/div><\/div><\/div><\/div>\n\n\n\n<div class=\"wp-block-getwid-section alignfull alignfull getwid-section-content-custom-width\"><div class=\"wp-block-getwid-section__wrapper getwid-padding-top-normal\"><div class=\"wp-block-getwid-section__inner-wrapper\"><div class=\"wp-block-getwid-section__background-holder\"><div class=\"wp-block-getwid-section__background\"><\/div><div class=\"wp-block-getwid-section__foreground\"><\/div><\/div><div class=\"wp-block-getwid-section__content\"><div class=\"wp-block-getwid-section__inner-content\">\n<div class=\"wp-block-columns has-2-columns are-vertically-aligned-center reverse is-layout-flex wp-container-core-columns-is-layout-9d6595d7 wp-block-columns-is-layout-flex\">\n<div class=\"wp-block-column is-vertically-aligned-center is-layout-flow wp-block-column-is-layout-flow\">\n<h2 class=\"wp-block-heading has-text-align-left\">P\u00e8rgoles bioclim\u00e0tiques per a terrasses, gaudeix de la teva terrassa tot l&#8217;any<\/h2>\n\n\n\n<p>Els sistemes d&#8217;arquitectura tradicionals s&#8217;han valgut de les p\u00e8rgoles com a element fonamental. Els tipus d&#8217;aquestes s\u00f3n tants que \u00e9s gaireb\u00e9 impossible enumerar-los tots. A m\u00e9s, amb la implantaci\u00f3 de les noves tecnologies i el desenvolupament de materials que segueixen els principis de l&#8217;arquitectura bioclim\u00e0tica, el cat\u00e0leg d&#8217;opcions no ha deixat d&#8217;augmentar. Aquests nous elements ens ajuden a crear zones exteriors que es poden aclimatar a la perfecci\u00f3.<\/p>\n\n\n\n<p>No nom\u00e9s a l&#8217;estiu, sin\u00f3 en qualsevol \u00e8poca de l&#8217;any, encara que faci molt fred fora. Les p\u00e8rgoles bioclim\u00e0tiques es valen dels recursos naturals per consumir menys energia, a m\u00e9s de ser tot un exemple de disseny aplicat a la cura del medi ambient. La funci\u00f3 que compleix aquesta \u00e9s la de frenar la calor i qualsevol inclem\u00e8ncia del temps (pluja, vent, etc.) com si es tract\u00e9s d&#8217;una barrera. Vegem quines s\u00f3n les propietats i principals avantatges de les p\u00e8rgoles bioclim\u00e0tiques. Perqu\u00e8 puguis sortir a la terrassa o el jard\u00ed malgrat que fora estigui nevant o fent molt\u00edssima calor.<\/p>\n<\/div>\n\n\n\n<div class=\"wp-block-column is-vertically-aligned-center is-layout-flow wp-block-column-is-layout-flow\">\n<div class=\"wp-block-cover is-light\" style=\"min-height:512px;aspect-ratio:unset;\"><span aria-hidden=\"true\" class=\"wp-block-cover__background has-background-dim-0 has-background-dim\"><\/span><img loading=\"lazy\" decoding=\"async\" width=\"500\" height=\"500\" sizes=\"auto, (max-width: 500px) 100vw, 500px\" class=\"wp-block-cover__image-background wp-image-14093\" alt=\"Solisysteme - Creation 3\" src=\"https:\/\/www.aluministecnicsbarcelona.com\/wp-content\/uploads\/2016\/05\/SOLISSYTEME-Creation-3-e1466757828287.jpg\" data-object-fit=\"cover\" title=\"\" srcset=\"https:\/\/www.aluministecnicsbarcelona.com\/wp-content\/uploads\/2016\/05\/SOLISSYTEME-Creation-3-e1466757828287.jpg 500w, https:\/\/www.aluministecnicsbarcelona.com\/wp-content\/uploads\/2016\/05\/SOLISSYTEME-Creation-3-e1466757828287-150x150.jpg 150w, https:\/\/www.aluministecnicsbarcelona.com\/wp-content\/uploads\/2016\/05\/SOLISSYTEME-Creation-3-e1466757828287-300x300.jpg 300w\" \/><div class=\"wp-block-cover__inner-container is-layout-constrained wp-block-cover-is-layout-constrained\">\n<p class=\"has-text-align-center has-large-font-size\"><\/p>\n<\/div><\/div>\n<\/div>\n<\/div>\n<\/div><\/div><\/div><\/div><\/div>\n\n\n\n<div class=\"wp-block-getwid-section alignfull alignfull getwid-section-content-custom-width\"><div class=\"wp-block-getwid-section__wrapper\"><div class=\"wp-block-getwid-section__inner-wrapper\"><div class=\"wp-block-getwid-section__background-holder\"><div class=\"wp-block-getwid-section__background has-background\" style=\"background-color:#f7f7f7\"><\/div><div class=\"wp-block-getwid-section__foreground\"><\/div><\/div><div class=\"wp-block-getwid-section__content\"><div class=\"wp-block-getwid-section__inner-content\">\n<div class=\"wp-block-columns has-2-columns are-vertically-aligned-center is-layout-flex wp-container-core-columns-is-layout-9d6595d7 wp-block-columns-is-layout-flex\">\n<div class=\"wp-block-column is-vertically-aligned-center is-layout-flow wp-block-column-is-layout-flow\">\n<div class=\"wp-block-cover is-light\" style=\"min-height:512px;aspect-ratio:unset;\"><span aria-hidden=\"true\" class=\"wp-block-cover__background has-background-dim-0 has-background-dim\"><\/span><img loading=\"lazy\" decoding=\"async\" width=\"560\" height=\"560\" sizes=\"auto, (max-width: 560px) 100vw, 560px\" class=\"wp-block-cover__image-background wp-image-14092\" alt=\"P\u00e9rgola Bioclim\u00e1tica Solisysteme Archi\" src=\"https:\/\/www.aluministecnicsbarcelona.com\/wp-content\/uploads\/2016\/05\/Pergola-Bioclimatique-SOLISYSTEME-prescripteur-archi-1-e1466491677891.jpg\" data-object-fit=\"cover\" title=\"\" srcset=\"https:\/\/www.aluministecnicsbarcelona.com\/wp-content\/uploads\/2016\/05\/Pergola-Bioclimatique-SOLISYSTEME-prescripteur-archi-1-e1466491677891.jpg 560w, https:\/\/www.aluministecnicsbarcelona.com\/wp-content\/uploads\/2016\/05\/Pergola-Bioclimatique-SOLISYSTEME-prescripteur-archi-1-e1466491677891-150x150.jpg 150w, https:\/\/www.aluministecnicsbarcelona.com\/wp-content\/uploads\/2016\/05\/Pergola-Bioclimatique-SOLISYSTEME-prescripteur-archi-1-e1466491677891-300x300.jpg 300w\" \/><div class=\"wp-block-cover__inner-container is-layout-constrained wp-block-cover-is-layout-constrained\">\n<p class=\"has-text-align-center has-large-font-size\"><\/p>\n<\/div><\/div>\n<\/div>\n\n\n\n<div class=\"wp-block-column is-vertically-aligned-center is-layout-flow wp-block-column-is-layout-flow\">\n<h2 class=\"wp-block-heading has-text-align-left\">Preus de p\u00e8rgoles i tamb\u00e9 quan arriba el fred<\/h2>\n\n\n\n<p>Quan arriba l&#8217;hivern, les lames de la p\u00e8rgola bioclim\u00e0tica es tanquen completament, evitant que l&#8217;aigua o el vent entrin. Fins i tot la neu no suposa cap problema amb aquest element. Et pots assegurar que no hi ha ni una sola escletxa per on entri el fred posant als laterals unes cortines de material sint\u00e8tic, uns vidres o panells d&#8217;alumini. Aix\u00ed aconseguir\u00e0s el que els <strong>instal\u00b7ladors d&#8217;alumini a Barcelona<\/strong> denominem efecte hivernacle. I \u00e9s que la zona coberta per la p\u00e8rgola semblar\u00e0 un hivernacle, en el qual es podr\u00e0 acumular la calor que es produeix durant el dia i entrar\u00e0 a casa a l&#8217;arribar la nit.<\/p>\n\n\n\n<p>Si vols con\u00e8ixer el <strong>preu d&#8217;unes p\u00e8rgoles bioclim\u00e0tiques a Barcelona<\/strong>, contacta amb nosaltres i t&#8217;informarem.<\/p>\n\n\n\n<p>I si vols aprofitar encara m\u00e9s la p\u00e8rgola, pots instal\u00b7lar sobre aquesta panells solars. Reduir\u00e0s la teva factura de la llum i gaudir\u00e0s d&#8217;un espai confortable.<\/p>\n<\/div>\n<\/div>\n<\/div><\/div><\/div><\/div><\/div>\n\n\n\n<div class=\"wp-block-getwid-section alignfull alignfull getwid-section-content-custom-width\"><div class=\"wp-block-getwid-section__wrapper\"><div class=\"wp-block-getwid-section__inner-wrapper\"><div class=\"wp-block-getwid-section__background-holder\"><div class=\"wp-block-getwid-section__background\"><\/div><div class=\"wp-block-getwid-section__foreground\"><\/div><\/div><div class=\"wp-block-getwid-section__content\"><div class=\"wp-block-getwid-section__inner-content\">\n<div class=\"wp-block-columns has-2-columns are-vertically-aligned-center reverse is-layout-flex wp-container-core-columns-is-layout-9d6595d7 wp-block-columns-is-layout-flex\">\n<div class=\"wp-block-column is-vertically-aligned-center is-layout-flow wp-block-column-is-layout-flow\">\n<h2 class=\"wp-block-heading has-text-align-left\">P\u00e8rgoles retr\u00e0ctils CEPI<\/h2>\n\n\n\n<p>Les<strong> p\u00e8rgoles bioclim\u00e0tiques s\u00f3n p\u00e8rgoles retr\u00e0ctils<\/strong> que compten amb una coberta de lames orientables. Aquesta prestaci\u00f3 permet <strong>obrir i tancar la coberta en diferents graus d&#8217;inclinaci\u00f3<\/strong> per deixar passar una determinada quantitat de llum i aire. A m\u00e9s, una p\u00e8rgola retr\u00e0ctil facilita una obertura completa de la coberta, permetent-nos aix\u00ed gaudir del m\u00e0xim de vistes i lluminositat.<\/p>\n\n\n\n<p>Aquest tipus de p\u00e8rgoles poden instal\u00b7lar-se amb inclinaci\u00f3 o a nivell, integrant-se totalment sigui quin sigui l&#8217;estil arquitect\u00f2nic de l&#8217;edifici en el qual vagi a instal\u00b7lar-se. A m\u00e9s de <strong>vers\u00e0til i funcional<\/strong>, una p\u00e8rgola bioclim\u00e0tica \u00e9s tamb\u00e9 senzilla de manejar.<\/p>\n\n\n\n<p>Per aix\u00f2, es pot controlar el moviment de les lames amb un <strong>motor ocult<\/strong> i protegir-se r\u00e0pidament davant qualsevol inclem\u00e8ncia. D&#8217;altra banda, aquest tipus de p\u00e8rgoles disposen de canalons i conductes de drenatge perqu\u00e8 es mantinguin sense humitats ni brut\u00edcia.<\/p>\n<\/div>\n\n\n\n<div class=\"wp-block-column is-vertically-aligned-center is-layout-flow wp-block-column-is-layout-flow\">\n<div class=\"wp-block-cover is-light\" style=\"min-height:512px;aspect-ratio:unset;\"><span aria-hidden=\"true\" class=\"wp-block-cover__background has-background-dim-0 has-background-dim\"><\/span><img loading=\"lazy\" decoding=\"async\" width=\"635\" height=\"381\" sizes=\"auto, (max-width: 635px) 100vw, 635px\" class=\"wp-block-cover__image-background wp-image-17111\" alt=\"P\u00e9rgola bioclimatica distribuidor Espa\u00f1a CEPI\" src=\"https:\/\/www.aluministecnicsbarcelona.com\/wp-content\/uploads\/2023\/12\/pergola-bioclimatica-distribuidor-espana-cepi.jpg\" data-object-fit=\"cover\" title=\"\" srcset=\"https:\/\/www.aluministecnicsbarcelona.com\/wp-content\/uploads\/2023\/12\/pergola-bioclimatica-distribuidor-espana-cepi.jpg 635w, https:\/\/www.aluministecnicsbarcelona.com\/wp-content\/uploads\/2023\/12\/pergola-bioclimatica-distribuidor-espana-cepi-300x180.jpg 300w\" \/><div class=\"wp-block-cover__inner-container is-layout-constrained wp-block-cover-is-layout-constrained\">\n<p class=\"has-text-align-center has-large-font-size\"><\/p>\n<\/div><\/div>\n<\/div>\n<\/div>\n<\/div><\/div><\/div><\/div><\/div>\n\n\n\n<div class=\"wp-block-getwid-section\"><div class=\"wp-block-getwid-section__wrapper\"><div class=\"wp-block-getwid-section__inner-wrapper\"><div class=\"wp-block-getwid-section__background-holder\"><div class=\"wp-block-getwid-section__background\"><\/div><div class=\"wp-block-getwid-section__foreground\"><\/div><\/div><div class=\"wp-block-getwid-section__content\"><div class=\"wp-block-getwid-section__inner-content\">\n<h2 class=\"wp-block-heading has-text-align-center\">Vols instal\u00b7lar una p\u00e8rgola bioclim\u00e0tica? Demana preu i pressupost sense comprom\u00eds<\/h2>\n<\/div><\/div><\/div><\/div><\/div>\n\n\n\n<div class=\"wp-block-getwid-section\"><div class=\"wp-block-getwid-section__wrapper getwid-padding-top-normal getwid-padding-bottom-small\"><div class=\"wp-block-getwid-section__inner-wrapper\"><div class=\"wp-block-getwid-section__background-holder\"><div class=\"wp-block-getwid-section__background\"><\/div><div class=\"wp-block-getwid-section__foreground\"><\/div><\/div><div class=\"wp-block-getwid-section__content\"><div class=\"wp-block-getwid-section__inner-content\">\n<div class=\"wp-block-getwid-section getwid-section-content-custom-width\"><div class=\"wp-block-getwid-section__wrapper\"><div class=\"wp-block-getwid-section__inner-wrapper\" style=\"max-width:800px\"><div class=\"wp-block-getwid-section__background-holder\"><div class=\"wp-block-getwid-section__background\"><\/div><div class=\"wp-block-getwid-section__foreground\"><\/div><\/div><div class=\"wp-block-getwid-section__content\"><div class=\"wp-block-getwid-section__inner-content\">\n<div class=\"wp-block-contact-form-7-contact-form-selector\">\n<div class=\"wpcf7 no-js\" id=\"wpcf7-f19586-o1\" lang=\"ca\" dir=\"ltr\" data-wpcf7-id=\"19586\">\n<div class=\"screen-reader-response\"><p role=\"status\" aria-live=\"polite\" aria-atomic=\"true\"><\/p> <ul><\/ul><\/div>\n<form action=\"\/ca\/wp-json\/wp\/v2\/pages\/14577#wpcf7-f19586-o1\" method=\"post\" class=\"wpcf7-form init\" aria-label=\"Formulari de contacte\" novalidate=\"novalidate\" data-status=\"init\">\n<fieldset class=\"hidden-fields-container\"><input type=\"hidden\" name=\"_wpcf7\" value=\"19586\" \/><input type=\"hidden\" name=\"_wpcf7_version\" value=\"6.1.5\" \/><input type=\"hidden\" name=\"_wpcf7_locale\" value=\"ca\" \/><input type=\"hidden\" name=\"_wpcf7_unit_tag\" value=\"wpcf7-f19586-o1\" \/><input type=\"hidden\" name=\"_wpcf7_container_post\" value=\"0\" \/><input type=\"hidden\" name=\"_wpcf7_posted_data_hash\" value=\"\" \/><input type=\"hidden\" name=\"_wpcf7_recaptcha_response\" value=\"\" \/>\n<\/fieldset>\n<!-- wp:group {\"layout\":{\"type\":\"constrained\"}} -->\n<div class=\"wp-block-group\" style=\"margin-bottom: 0px !important;\"><!-- wp:columns -->\n\t<div class=\"wp-block-columns\" style=\"margin-bottom: 0px !important;\"><!-- wp:column -->\n\t\t<div class=\"wp-block-column\" style=\"margin-bottom: 0px !important;\">\n\t\t\t<p><span class=\"wpcf7-form-control-wrap\" data-name=\"Name\"><input size=\"40\" maxlength=\"400\" class=\"wpcf7-form-control wpcf7-text wpcf7-validates-as-required\" aria-required=\"true\" aria-invalid=\"false\" placeholder=\"Nom(*)\" value=\"\" type=\"text\" name=\"Name\" \/><\/span><span class=\"right-border\"><\/span><span class=\"top-border\"><\/span><span class=\"left-border\"><\/span>\n\t\t\t<\/p>\n\t\t\t<p><span class=\"wpcf7-form-control-wrap\" data-name=\"E-mail\"><input size=\"40\" maxlength=\"400\" class=\"wpcf7-form-control wpcf7-email wpcf7-validates-as-required wpcf7-text wpcf7-validates-as-email\" aria-required=\"true\" aria-invalid=\"false\" placeholder=\"Correu electr\u00f2nic (*)\" value=\"\" type=\"email\" name=\"E-mail\" \/><\/span><span class=\"right-border\"><\/span><span class=\"top-border\"><\/span><span class=\"left-border\"><\/span>\n\t\t\t<\/p>\n\t\t<\/div>\n<!-- \/wp:column -->\n\n<!-- wp:column -->\n\t\t<div class=\"wp-block-column\"  style=\"margin-bottom: 0px !important;\">\n\t\t\t<p><span class=\"wpcf7-form-control-wrap\" data-name=\"tel-919\"><input size=\"40\" maxlength=\"400\" class=\"wpcf7-form-control wpcf7-tel wpcf7-validates-as-required wpcf7-text wpcf7-validates-as-tel\" aria-required=\"true\" aria-invalid=\"false\" placeholder=\"Tel\u00e8fon (*)\" value=\"\" type=\"tel\" name=\"tel-919\" \/><\/span><span class=\"right-border\"><\/span><span class=\"top-border\"><\/span><span class=\"left-border\"><\/span>\n\t\t\t<\/p>\n\t\t\t<p><span class=\"wpcf7-form-control-wrap\" data-name=\"text-883\"><input size=\"40\" maxlength=\"400\" class=\"wpcf7-form-control wpcf7-text wpcf7-validates-as-required\" aria-required=\"true\" aria-invalid=\"false\" placeholder=\"Localitat (*)\" value=\"\" type=\"text\" name=\"text-883\" \/><\/span><span class=\"right-border\"><\/span><span class=\"top-border\"><\/span><span class=\"left-border\"><\/span>\n\t\t\t<\/p>\n\t\t<\/div>\n<!-- \/wp:column -->\n\t<\/div>\n<!-- \/wp:columns -->\n<\/div>\n<!-- \/wp:group -->\n\n<!-- wp:group {\"layout\":{\"type\":\"constrained\"}} -->\n<div class=\"wp-block-group\" style=\"margin-bottom: 0px !important;\"><!-- wp:columns -->\n\t<div class=\"wp-block-columns\" style=\"margin-bottom: 0px !important;\"><!-- wp:column -->\n\t\t<div class=\"wp-block-column\"  style=\"margin-bottom: 0px !important;\">\n\t\t\t<p><span class=\"wpcf7-form-control-wrap\" data-name=\"Letter\"><textarea cols=\"10\" rows=\"3\" maxlength=\"2000\" class=\"wpcf7-form-control wpcf7-textarea\" aria-invalid=\"false\" placeholder=\"M&#039;interessaria saber..\" name=\"Letter\"><\/textarea><\/span><span class=\"right-border\"><\/span><span class=\"top-border\"><\/span><span class=\"left-border\"><\/span>\n\t\t\t<\/p>\n\t\t\t<p><label><span class=\"wpcf7-form-control-wrap\" data-name=\"acceptance-704\"><span class=\"wpcf7-form-control wpcf7-acceptance\"><span class=\"wpcf7-list-item\"><input type=\"checkbox\" name=\"acceptance-704\" value=\"1\" aria-invalid=\"false\" \/><\/span><\/span><\/span> En fer \u201cClic\u201d al Bot\u00f3 \u201cENVIAR\u201d l'usuari declara haver llegit i estar d'acord amb les condicions expressades al <a href=\"https:\/\/www.aluministecnicsbarcelona.com\/ca\/avis-legal\/\">\u201cAVIS LEGAL\u201d<\/a> i la <a href=\"https:\/\/www.aluministecnicsbarcelona.com\/ca\/politica-de-privacitat\/\">\u201cPOL\u00cdTICA DE PRIVACITAT\u201d<\/a> de la present Web.<\/label>\n\t\t\t<\/p>\n\t\t\t<p><input class=\"wpcf7-form-control wpcf7-submit has-spinner\" type=\"submit\" value=\"ENVIAR\" \/>\n\t\t\t<\/p>\n<!-- \/wp:column -->\n\t\t<\/div>\n<!-- \/wp:columns -->\n\t<\/div>\n<!-- \/wp:group -->\n<\/div><div class=\"wpcf7-response-output\" aria-hidden=\"true\"><\/div>\n<\/form>\n<\/div>\n<\/div>\n<\/div><\/div><\/div><\/div><\/div>\n<\/div><\/div><\/div><\/div><\/div>\n","protected":false},"excerpt":{"rendered":"","protected":false},"author":2,"featured_media":15615,"parent":0,"menu_order":0,"comment_status":"closed","ping_status":"closed","template":"template-uli-page.php","meta":{"_lmt_disableupdate":"","_lmt_disable":"","_joinchat":[],"footnotes":""},"class_list":["post-14577","page","type-page","status-publish","has-post-thumbnail","hentry"],"_links":{"self":[{"href":"https:\/\/www.aluministecnicsbarcelona.com\/ca\/wp-json\/wp\/v2\/pages\/14577","targetHints":{"allow":["GET"]}}],"collection":[{"href":"https:\/\/www.aluministecnicsbarcelona.com\/ca\/wp-json\/wp\/v2\/pages"}],"about":[{"href":"https:\/\/www.aluministecnicsbarcelona.com\/ca\/wp-json\/wp\/v2\/types\/page"}],"author":[{"embeddable":true,"href":"https:\/\/www.aluministecnicsbarcelona.com\/ca\/wp-json\/wp\/v2\/users\/2"}],"replies":[{"embeddable":true,"href":"https:\/\/www.aluministecnicsbarcelona.com\/ca\/wp-json\/wp\/v2\/comments?post=14577"}],"version-history":[{"count":12,"href":"https:\/\/www.aluministecnicsbarcelona.com\/ca\/wp-json\/wp\/v2\/pages\/14577\/revisions"}],"predecessor-version":[{"id":19923,"href":"https:\/\/www.aluministecnicsbarcelona.com\/ca\/wp-json\/wp\/v2\/pages\/14577\/revisions\/19923"}],"wp:featuredmedia":[{"embeddable":true,"href":"https:\/\/www.aluministecnicsbarcelona.com\/ca\/wp-json\/wp\/v2\/media\/15615"}],"wp:attachment":[{"href":"https:\/\/www.aluministecnicsbarcelona.com\/ca\/wp-json\/wp\/v2\/media?parent=14577"}],"curies":[{"name":"wp","href":"https:\/\/api.w.org\/{rel}","templated":true}]}}