{"id":14576,"date":"2024-02-19T14:29:57","date_gmt":"2024-02-19T14:29:57","guid":{"rendered":"https:\/\/www.aluministecnicsbarcelona.com\/es\/?page_id=14576"},"modified":"2025-11-20T11:00:14","modified_gmt":"2025-11-20T11:00:14","slug":"pergolas-bioclimaticas","status":"publish","type":"page","link":"https:\/\/www.aluministecnicsbarcelona.com\/es\/pergolas-bioclimaticas\/","title":{"rendered":"Instalaci\u00f3n de p\u00e9rgolas bioclim\u00e1ticas en Barcelona"},"content":{"rendered":"\n<div class=\"wp-block-cover alignfull\"><span aria-hidden=\"true\" class=\"wp-block-cover__background has-background-dim\" style=\"background-color:#757a79\"><\/span><img loading=\"lazy\" decoding=\"async\" width=\"938\" height=\"314\" src=\"https:\/\/www.aluministecnicsbarcelona.com\/wp-content\/uploads\/2016\/09\/pergolas_titulo.jpg\" class=\"wp-block-cover__image-background wp-post-image\" alt=\"P\u00e9rgolas de aluminio\" data-object-fit=\"cover\" data-object-position=\"50% 0%\" style=\"object-position:50% 0%;\" srcset=\"https:\/\/www.aluministecnicsbarcelona.com\/wp-content\/uploads\/2016\/09\/pergolas_titulo.jpg 1600w, https:\/\/www.aluministecnicsbarcelona.com\/wp-content\/uploads\/2016\/09\/pergolas_titulo-300x100.jpg 300w, https:\/\/www.aluministecnicsbarcelona.com\/wp-content\/uploads\/2016\/09\/pergolas_titulo-768x257.jpg 768w, https:\/\/www.aluministecnicsbarcelona.com\/wp-content\/uploads\/2016\/09\/pergolas_titulo-1024x342.jpg 1024w\" sizes=\"auto, (max-width: 938px) 100vw, 938px\" title=\"\"><div class=\"wp-block-cover__inner-container is-layout-flow wp-block-cover-is-layout-flow\">\n<div class=\"wp-block-group\"><div class=\"wp-block-group__inner-container is-layout-constrained wp-block-group-is-layout-constrained\">\n<div class=\"wp-block-columns is-layout-flex wp-container-core-columns-is-layout-9d6595d7 wp-block-columns-is-layout-flex\">\n<div class=\"wp-block-column is-layout-flow wp-block-column-is-layout-flow\" style=\"flex-basis:100%\">\n<h1 class=\"wp-block-heading has-text-align-center has-light-blue-color has-text-color has-link-color wp-elements-a072d87aa26360ece37b6f443d39b216\">P\u00e9rgolas bioclim\u00e1ticas<\/h1>\n<\/div>\n<\/div>\n<\/div><\/div>\n<\/div><\/div>\n\n\n\n<div class=\"wp-block-getwid-section alignfull alignfull getwid-section-content-custom-width\"><div class=\"wp-block-getwid-section__wrapper getwid-padding-top-normal\"><div class=\"wp-block-getwid-section__inner-wrapper\"><div class=\"wp-block-getwid-section__background-holder\"><div class=\"wp-block-getwid-section__background has-background\" style=\"background-color:#f7f7f7\"><\/div><div class=\"wp-block-getwid-section__foreground\"><\/div><\/div><div class=\"wp-block-getwid-section__content\"><div class=\"wp-block-getwid-section__inner-content\">\n<div class=\"wp-block-columns alignwide is-layout-flex wp-container-core-columns-is-layout-9d6595d7 wp-block-columns-is-layout-flex\">\n<div class=\"wp-block-column is-layout-flow wp-block-column-is-layout-flow\" style=\"flex-basis:100%\">\n<h2 class=\"wp-block-heading alignfull has-text-align-left\" id=\"al-no-space\">Instalaci\u00f3n de p\u00e9rgolas bioclim\u00e1ticas de aluminio en Barcelona y provincia<\/h2>\n\n\n\n<p>Las <strong>p\u00e9rgolas bioclim\u00e1ticas de aluminio<\/strong> son una forma estupenda de aprovechar el espacio exterior de viviendas y locales. Son decorativas y elegantes, a la vez de ofrecer una protecci\u00f3n frente al calor excesivo, el aire o la lluvia. En Aluminis T\u00e8cnics, especialistas en <a href=\"https:\/\/www.aluministecnicsbarcelona.com\/es\/\" target=\"_blank\" rel=\"noreferrer noopener\">carpinter\u00eda de aluminio en Barcelona<\/a>,&nbsp;trabajamos con <a href=\"https:\/\/www.aluministecnicsbarcelona.com\/es\/pergolas-aluminio\/\">p\u00e9rgolas de aluminio<\/a>, <a href=\"https:\/\/www.aluministecnicsbarcelona.com\/es\/pergolas-de-lona-tensada\/\">p\u00e9rgolas de lona tensada<\/a> y tambi\u00e9n con p\u00e9rgolas bioclim\u00e1ticas. <\/p>\n\n\n\n<p>Las <strong>p\u00e9rgolas bioclim\u00e1ticas<\/strong> son un sistema patentado de <strong>lamas orientable<\/strong>s que mejora a\u00fan m\u00e1s las propiedades de las p\u00e9rgolas convencionales. Son f\u00e1ciles de integrar en cualquier tipo de decoraci\u00f3n, fabricadas a la medida y con la garant\u00eda de una marca que lleva 15 a\u00f1os ofreciendo en el mercado un producto de primera calidad. Con el m\u00ednimo mantenimiento usted podr\u00e1 <strong>disfrutar de las ventajas de una p\u00e9rgola de aluminio con grandes posibilidades<\/strong>.<\/p>\n<\/div>\n<\/div>\n<\/div><\/div><\/div><\/div><\/div>\n\n\n\n<div class=\"wp-block-getwid-section alignfull alignfull getwid-section-content-custom-width\"><div class=\"wp-block-getwid-section__wrapper getwid-padding-top-normal\"><div class=\"wp-block-getwid-section__inner-wrapper\"><div class=\"wp-block-getwid-section__background-holder\"><div class=\"wp-block-getwid-section__background\"><\/div><div class=\"wp-block-getwid-section__foreground\"><\/div><\/div><div class=\"wp-block-getwid-section__content\"><div class=\"wp-block-getwid-section__inner-content\">\n<div class=\"wp-block-columns has-2-columns are-vertically-aligned-center reverse is-layout-flex wp-container-core-columns-is-layout-9d6595d7 wp-block-columns-is-layout-flex\">\n<div class=\"wp-block-column is-vertically-aligned-center is-layout-flow wp-block-column-is-layout-flow\">\n<h2 class=\"wp-block-heading has-text-align-left\">P\u00e9rgolas bioclim\u00e1ticas para terrazas, disfruta de tu terraza todo el a\u00f1o<\/h2>\n\n\n\n<p>Los sistemas de arquitectura tradicionales se han valido de las <strong>p\u00e9rgolas<\/strong> como elemento fundamental. Los tipos de estas son tantos que es casi imposible enumerarlos todos. Adem\u00e1s, con la implantaci\u00f3n de las nuevas tecnolog\u00edas y el desarrollo de materiales que siguen los principios de la arquitectura <strong>bioclim\u00e1tica,<\/strong> el cat\u00e1logo de opciones no ha dejado de aumentar. Estos nuevos elementos nos ayudan a crear zonas exteriores que se pueden aclimatar a la perfecci\u00f3n.<\/p>\n\n\n\n<p>&nbsp;No solo en verano, sino en cualquier \u00e9poca del a\u00f1o, aunque haga mucho fr\u00edo fuera. Las p\u00e9rgolas bioclim\u00e1ticas se valen de los recursos naturales para consumir menos energ\u00eda, adem\u00e1s de ser todo un ejemplo de dise\u00f1o aplicado al cuidado del medio ambiente. La funci\u00f3n que cumple esta es la de frenar el calor y cualquier inclemencia del tiempo (lluvia, viento, etc) como si se tratara de una barrera. Veamos cu\u00e1les son las propiedades y principales ventajas de las <strong>p\u00e9rgolas<\/strong> <strong>bioclim\u00e1ticas<\/strong>. Para que puedas salir a la terraza o el jard\u00edn a pesar de que fuera est\u00e9 nevando o haciendo much\u00edsimo calor.<\/p>\n<\/div>\n\n\n\n<div class=\"wp-block-column is-vertically-aligned-center is-layout-flow wp-block-column-is-layout-flow\">\n<div class=\"wp-block-cover is-light\" style=\"min-height:512px;aspect-ratio:unset;\"><img loading=\"lazy\" decoding=\"async\" width=\"500\" height=\"500\" sizes=\"auto, (max-width: 500px) 100vw, 500px\" class=\"wp-block-cover__image-background wp-image-14093\" alt=\"Solisysteme - Creation 3\" src=\"https:\/\/www.aluministecnicsbarcelona.com\/wp-content\/uploads\/2016\/05\/SOLISSYTEME-Creation-3-e1466757828287.jpg\" data-object-fit=\"cover\" title=\"\" srcset=\"https:\/\/www.aluministecnicsbarcelona.com\/wp-content\/uploads\/2016\/05\/SOLISSYTEME-Creation-3-e1466757828287.jpg 500w, https:\/\/www.aluministecnicsbarcelona.com\/wp-content\/uploads\/2016\/05\/SOLISSYTEME-Creation-3-e1466757828287-150x150.jpg 150w, https:\/\/www.aluministecnicsbarcelona.com\/wp-content\/uploads\/2016\/05\/SOLISSYTEME-Creation-3-e1466757828287-300x300.jpg 300w\" \/><span aria-hidden=\"true\" class=\"wp-block-cover__background has-background-dim-0 has-background-dim\"><\/span><div class=\"wp-block-cover__inner-container is-layout-constrained wp-block-cover-is-layout-constrained\">\n<p class=\"has-text-align-center has-large-font-size\"><\/p>\n<\/div><\/div>\n<\/div>\n<\/div>\n<\/div><\/div><\/div><\/div><\/div>\n\n\n\n<div class=\"wp-block-getwid-section alignfull alignfull getwid-section-content-custom-width\"><div class=\"wp-block-getwid-section__wrapper\"><div class=\"wp-block-getwid-section__inner-wrapper\"><div class=\"wp-block-getwid-section__background-holder\"><div class=\"wp-block-getwid-section__background has-background\" style=\"background-color:#f7f7f7\"><\/div><div class=\"wp-block-getwid-section__foreground\"><\/div><\/div><div class=\"wp-block-getwid-section__content\"><div class=\"wp-block-getwid-section__inner-content\">\n<div class=\"wp-block-columns has-2-columns are-vertically-aligned-center is-layout-flex wp-container-core-columns-is-layout-9d6595d7 wp-block-columns-is-layout-flex\">\n<div class=\"wp-block-column is-vertically-aligned-center is-layout-flow wp-block-column-is-layout-flow\">\n<div class=\"wp-block-cover is-light\" style=\"min-height:512px;aspect-ratio:unset;\"><img loading=\"lazy\" decoding=\"async\" width=\"560\" height=\"560\" sizes=\"auto, (max-width: 560px) 100vw, 560px\" class=\"wp-block-cover__image-background wp-image-14092\" alt=\"P\u00e9rgola Bioclim\u00e1tica Solisysteme Archi\" src=\"https:\/\/www.aluministecnicsbarcelona.com\/wp-content\/uploads\/2016\/05\/Pergola-Bioclimatique-SOLISYSTEME-prescripteur-archi-1-e1466491677891.jpg\" data-object-fit=\"cover\" title=\"\" srcset=\"https:\/\/www.aluministecnicsbarcelona.com\/wp-content\/uploads\/2016\/05\/Pergola-Bioclimatique-SOLISYSTEME-prescripteur-archi-1-e1466491677891.jpg 560w, https:\/\/www.aluministecnicsbarcelona.com\/wp-content\/uploads\/2016\/05\/Pergola-Bioclimatique-SOLISYSTEME-prescripteur-archi-1-e1466491677891-150x150.jpg 150w, https:\/\/www.aluministecnicsbarcelona.com\/wp-content\/uploads\/2016\/05\/Pergola-Bioclimatique-SOLISYSTEME-prescripteur-archi-1-e1466491677891-300x300.jpg 300w\" \/><span aria-hidden=\"true\" class=\"wp-block-cover__background has-background-dim-0 has-background-dim\"><\/span><div class=\"wp-block-cover__inner-container is-layout-constrained wp-block-cover-is-layout-constrained\">\n<p class=\"has-text-align-center has-large-font-size\"><\/p>\n<\/div><\/div>\n<\/div>\n\n\n\n<div class=\"wp-block-column is-vertically-aligned-center is-layout-flow wp-block-column-is-layout-flow\">\n<h2 class=\"wp-block-heading has-text-align-left\">Precios de p\u00e9rgolas y tambi\u00e9n cuando llega el fr\u00edo<\/h2>\n\n\n\n<p>Cuando llega el invierno, las lamas de la p\u00e9rgola bioclim\u00e1tica se cierran por completo, evitando que el agua o el viento entren. Hasta la nieve no supone ning\u00fan problema con este elementos. Te puedes asegurar de que no hay ni una sola rendija por la que entre el fr\u00edo poniendo en los laterales unas cortinas de material sint\u00e9tico, unos cristales o paneles de aluminio. As\u00ed lograr\u00e1s lo que los <strong>instaladores de aluminio en Barcelona<\/strong> denominamos efecto invernadero. Y es que la zona cubierta por la p\u00e9rgola parecer\u00e1 un invernadero, en el que se podr\u00e1 acumular el calor que se produce durante el d\u00eda y entrar\u00e1 en casa al llegar la noche.<\/p>\n\n\n\n<p>Si quieres conocer el <strong>precio de unas p\u00e9rgolas bioclim\u00e1ticas en Barcelona<\/strong>, contacta con nosotros y te informaremos.<\/p>\n\n\n\n<p>Y si quieres aprovechar a\u00fan mas la p\u00e9rgola, puedes instalar sobre esta paneles solares. Reducir\u00e1s tu factura de la luz y disfrutar\u00e1s de un espacio confortable.<\/p>\n<\/div>\n<\/div>\n<\/div><\/div><\/div><\/div><\/div>\n\n\n\n<div class=\"wp-block-getwid-section alignfull alignfull getwid-section-content-custom-width\"><div class=\"wp-block-getwid-section__wrapper\"><div class=\"wp-block-getwid-section__inner-wrapper\"><div class=\"wp-block-getwid-section__background-holder\"><div class=\"wp-block-getwid-section__background\"><\/div><div class=\"wp-block-getwid-section__foreground\"><\/div><\/div><div class=\"wp-block-getwid-section__content\"><div class=\"wp-block-getwid-section__inner-content\">\n<div class=\"wp-block-columns has-2-columns are-vertically-aligned-center reverse is-layout-flex wp-container-core-columns-is-layout-9d6595d7 wp-block-columns-is-layout-flex\">\n<div class=\"wp-block-column is-vertically-aligned-center is-layout-flow wp-block-column-is-layout-flow\">\n<h2 class=\"wp-block-heading has-text-align-left\">P\u00e9rgolas retr\u00e1ctiles CEPI<\/h2>\n\n\n\n<p>Las <strong>p\u00e9rgolas bioclim\u00e1ticas<\/strong> son <strong>p\u00e9rgolas retr\u00e1ctiles<\/strong> que cuentan con una cubierta de lamas orientables. Esta prestaci\u00f3n permite abrir y cerrar la cubierta en distintos grados de inclinaci\u00f3n para dejar pasar una determinada cantidad de luz y aire. Adem\u00e1s, una p\u00e9rgola retr\u00e1ctil facilita una <strong>apertura completa de la cubierta<\/strong>, permiti\u00e9ndonos as\u00ed disfrutar del m\u00e1ximo de vistas y luminosidad.<\/p>\n\n\n\n<p>Este tipo de p\u00e9rgolas pueden instalarse con inclinaci\u00f3n o a nivel, integr\u00e1ndose totalmente sea cual fuere el estilo arquitect\u00f3nico del edificio en el que vaya a instalarse. Adem\u00e1s de <strong>vers\u00e1til y funcional<\/strong>, una p\u00e9rgola bioclim\u00e1tica es tambi\u00e9n sencilla de manejar.<\/p>\n\n\n\n<p>Por ello, se puede controlar el movimiento de las llamas con un <strong>motor oculto<\/strong> y protegerse r\u00e1pidamente ante cualquier inclemencia. Por otra parte, este tipo de p\u00e9rgolas disponen de canalones y conductos de drenaje para que se mantengan sin humedades ni suciedad.<\/p>\n<\/div>\n\n\n\n<div class=\"wp-block-column is-vertically-aligned-center is-layout-flow wp-block-column-is-layout-flow\">\n<div class=\"wp-block-cover is-light\" style=\"min-height:512px;aspect-ratio:unset;\"><img loading=\"lazy\" decoding=\"async\" width=\"635\" height=\"381\" sizes=\"auto, (max-width: 635px) 100vw, 635px\" class=\"wp-block-cover__image-background wp-image-17111\" alt=\"P\u00e9rgola bioclimatica distribuidor Espa\u00f1a CEPI\" src=\"https:\/\/www.aluministecnicsbarcelona.com\/wp-content\/uploads\/2023\/12\/pergola-bioclimatica-distribuidor-espana-cepi.jpg\" data-object-fit=\"cover\" title=\"\" srcset=\"https:\/\/www.aluministecnicsbarcelona.com\/wp-content\/uploads\/2023\/12\/pergola-bioclimatica-distribuidor-espana-cepi.jpg 635w, https:\/\/www.aluministecnicsbarcelona.com\/wp-content\/uploads\/2023\/12\/pergola-bioclimatica-distribuidor-espana-cepi-300x180.jpg 300w\" \/><span aria-hidden=\"true\" class=\"wp-block-cover__background has-background-dim-0 has-background-dim\"><\/span><div class=\"wp-block-cover__inner-container is-layout-constrained wp-block-cover-is-layout-constrained\">\n<p class=\"has-text-align-center has-large-font-size\"><\/p>\n<\/div><\/div>\n<\/div>\n<\/div>\n<\/div><\/div><\/div><\/div><\/div>\n\n\n\n<div class=\"wp-block-getwid-section\"><div class=\"wp-block-getwid-section__wrapper\"><div class=\"wp-block-getwid-section__inner-wrapper\"><div class=\"wp-block-getwid-section__background-holder\"><div class=\"wp-block-getwid-section__background\"><\/div><div class=\"wp-block-getwid-section__foreground\"><\/div><\/div><div class=\"wp-block-getwid-section__content\"><div class=\"wp-block-getwid-section__inner-content\">\n<h2 class=\"wp-block-heading has-text-align-center\">Art\u00edculos de Aluminis T\u00e8cnics sobre p\u00e9rgolas<\/h2>\n\n\n        <div class=\"wp-block-getwid-custom-post-type custom-post-type-post has-layout-grid\">\r\n            <div class=\"wp-block-getwid-custom-post-type__wrapper getwid-columns getwid-columns-3\">\r\n                \t\t\t\t\t\t\t\t<div class='wp-block-getwid-custom-post-type__post'>\r\n\t\t\t\t\t\t\t\t\t\n<div class=\"wp-block-columns is-layout-flex wp-container-core-columns-is-layout-9d6595d7 wp-block-columns-is-layout-flex\">\n<div class=\"wp-block-column is-layout-flow wp-block-column-is-layout-flow\" style=\"flex-basis:100%\">\n<div class=\"wp-block-cover is-light\"><span aria-hidden=\"true\" class=\"wp-block-cover__background has-background-dim-20 has-background-dim\"><\/span><img loading=\"lazy\" decoding=\"async\" width=\"900\" height=\"600\" src=\"https:\/\/www.aluministecnicsbarcelona.com\/wp-content\/uploads\/2024\/02\/pergolas-solisysteme-jpg.webp\" class=\"wp-block-cover__image-background wp-post-image\" alt=\"P\u00e9rgolas Solisysteme en Barcelona\" data-object-fit=\"cover\" srcset=\"https:\/\/www.aluministecnicsbarcelona.com\/wp-content\/uploads\/2024\/02\/pergolas-solisysteme-jpg.webp 900w, https:\/\/www.aluministecnicsbarcelona.com\/wp-content\/uploads\/2024\/02\/pergolas-solisysteme-300x200.webp 300w, https:\/\/www.aluministecnicsbarcelona.com\/wp-content\/uploads\/2024\/02\/pergolas-solisysteme-768x512.webp 768w\" sizes=\"auto, (max-width: 900px) 100vw, 900px\" title=\"\"><div class=\"wp-block-cover__inner-container is-layout-constrained wp-block-cover-is-layout-constrained\">\r\n<h3 style=\"text-align: center;color:#fff;\" class=\"wp-block-getwid-template-post-title has-text-color\"><a class=\"wp-block-getwid-template-post-title__link\" href=\"https:\/\/www.aluministecnicsbarcelona.com\/es\/blog\/solisysteme\/\">Instalaci\u00f3n de p\u00e9rgolas Solisysteme\u00a0en Barcelona<\/a><\/h3><\/div><\/div>\n<\/div>\n<\/div>\n\t\t\t\t\t\t\t\t<\/div>\r\n\t\t\t\t\t\t\t\t\t\t\t\t\t\t\t<div class='wp-block-getwid-custom-post-type__post'>\r\n\t\t\t\t\t\t\t\t\t\n<div class=\"wp-block-columns is-layout-flex wp-container-core-columns-is-layout-9d6595d7 wp-block-columns-is-layout-flex\">\n<div class=\"wp-block-column is-layout-flow wp-block-column-is-layout-flow\" style=\"flex-basis:100%\">\n<div class=\"wp-block-cover is-light\"><span aria-hidden=\"true\" class=\"wp-block-cover__background has-background-dim-20 has-background-dim\"><\/span><img loading=\"lazy\" decoding=\"async\" width=\"518\" height=\"286\" src=\"https:\/\/www.aluministecnicsbarcelona.com\/wp-content\/uploads\/2020\/03\/pergola-retractil2.jpg\" class=\"wp-block-cover__image-background wp-post-image\" alt=\"\" data-object-fit=\"cover\" srcset=\"https:\/\/www.aluministecnicsbarcelona.com\/wp-content\/uploads\/2020\/03\/pergola-retractil2.jpg 518w, https:\/\/www.aluministecnicsbarcelona.com\/wp-content\/uploads\/2020\/03\/pergola-retractil2-300x166.jpg 300w\" sizes=\"auto, (max-width: 518px) 100vw, 518px\" title=\"\"><div class=\"wp-block-cover__inner-container is-layout-constrained wp-block-cover-is-layout-constrained\">\r\n<h3 style=\"text-align: center;color:#fff;\" class=\"wp-block-getwid-template-post-title has-text-color\"><a class=\"wp-block-getwid-template-post-title__link\" href=\"https:\/\/www.aluministecnicsbarcelona.com\/es\/blog\/pergolas-retractiles-lamas-orientables\/\">P\u00e9rgolas retr\u00e1ctiles y de lamas orientables<\/a><\/h3><\/div><\/div>\n<\/div>\n<\/div>\n\t\t\t\t\t\t\t\t<\/div>\r\n\t\t\t\t\t\t\t            <\/div>\r\n\r\n                    <\/div>\r\n        <\/div><\/div><\/div><\/div><\/div>\n\n\n\n<div class=\"wp-block-getwid-section\"><div class=\"wp-block-getwid-section__wrapper\"><div class=\"wp-block-getwid-section__inner-wrapper\"><div class=\"wp-block-getwid-section__background-holder\"><div class=\"wp-block-getwid-section__background\"><\/div><div class=\"wp-block-getwid-section__foreground\"><\/div><\/div><div class=\"wp-block-getwid-section__content\"><div class=\"wp-block-getwid-section__inner-content\">\n<h2 class=\"wp-block-heading has-text-align-center\">\u00bfQuieres instalar una p\u00e9rgola bioclim\u00e1tica? Pide precio y presupuesto sin compromiso<\/h2>\n<\/div><\/div><\/div><\/div><\/div>\n\n\n\n<div class=\"wp-block-getwid-section\"><div class=\"wp-block-getwid-section__wrapper getwid-padding-top-normal getwid-padding-bottom-small\"><div class=\"wp-block-getwid-section__inner-wrapper\"><div class=\"wp-block-getwid-section__background-holder\"><div class=\"wp-block-getwid-section__background\"><\/div><div class=\"wp-block-getwid-section__foreground\"><\/div><\/div><div class=\"wp-block-getwid-section__content\"><div class=\"wp-block-getwid-section__inner-content\">\n<div class=\"wp-block-getwid-section getwid-section-content-custom-width\"><div class=\"wp-block-getwid-section__wrapper\"><div class=\"wp-block-getwid-section__inner-wrapper\" style=\"max-width:800px\"><div class=\"wp-block-getwid-section__background-holder\"><div class=\"wp-block-getwid-section__background\"><\/div><div class=\"wp-block-getwid-section__foreground\"><\/div><\/div><div class=\"wp-block-getwid-section__content\"><div class=\"wp-block-getwid-section__inner-content\">\n<div class=\"wp-block-contact-form-7-contact-form-selector\">\n<div class=\"wpcf7 no-js\" id=\"wpcf7-f9751-o1\" lang=\"es-ES\" dir=\"ltr\" data-wpcf7-id=\"9751\">\n<div class=\"screen-reader-response\"><p role=\"status\" aria-live=\"polite\" aria-atomic=\"true\"><\/p> <ul><\/ul><\/div>\n<form action=\"\/es\/wp-json\/wp\/v2\/pages\/14576#wpcf7-f9751-o1\" method=\"post\" class=\"wpcf7-form init\" aria-label=\"Formulario de contacto\" novalidate=\"novalidate\" data-status=\"init\">\n<fieldset class=\"hidden-fields-container\"><input type=\"hidden\" name=\"_wpcf7\" value=\"9751\" \/><input type=\"hidden\" name=\"_wpcf7_version\" value=\"6.1.5\" \/><input type=\"hidden\" name=\"_wpcf7_locale\" value=\"es_ES\" \/><input type=\"hidden\" name=\"_wpcf7_unit_tag\" value=\"wpcf7-f9751-o1\" \/><input type=\"hidden\" name=\"_wpcf7_container_post\" value=\"0\" \/><input type=\"hidden\" name=\"_wpcf7_posted_data_hash\" value=\"\" \/><input type=\"hidden\" name=\"_wpcf7_recaptcha_response\" value=\"\" \/>\n<\/fieldset>\n<!-- wp:group {\"layout\":{\"type\":\"constrained\"}} -->\n<div class=\"wp-block-group\" style=\"margin-bottom: 0px !important;\"><!-- wp:columns -->\n\t<div class=\"wp-block-columns\" style=\"margin-bottom: 0px !important;\"><!-- wp:column -->\n\t\t<div class=\"wp-block-column\" style=\"margin-bottom: 0px !important;\">\n\t\t\t<p><span class=\"wpcf7-form-control-wrap\" data-name=\"Name\"><input size=\"40\" maxlength=\"400\" class=\"wpcf7-form-control wpcf7-text wpcf7-validates-as-required\" aria-required=\"true\" aria-invalid=\"false\" placeholder=\"Nombre (*)\" value=\"\" type=\"text\" name=\"Name\" \/><\/span><span class=\"right-border\"><\/span><span class=\"top-border\"><\/span><span class=\"left-border\"><\/span>\n\t\t\t<\/p>\n\t\t\t<p><span class=\"wpcf7-form-control-wrap\" data-name=\"E-mail\"><input size=\"40\" maxlength=\"400\" class=\"wpcf7-form-control wpcf7-email wpcf7-validates-as-required wpcf7-text wpcf7-validates-as-email\" aria-required=\"true\" aria-invalid=\"false\" placeholder=\"Correo electr\u00f3nico (*)\" value=\"\" type=\"email\" name=\"E-mail\" \/><\/span><span class=\"right-border\"><\/span><span class=\"top-border\"><\/span><span class=\"left-border\"><\/span>\n\t\t\t<\/p>\n\t\t<\/div>\n<!-- \/wp:column -->\n\n<!-- wp:column -->\n\t\t<div class=\"wp-block-column\"  style=\"margin-bottom: 0px !important;\">\n\t\t\t<p><span class=\"wpcf7-form-control-wrap\" data-name=\"tel-919\"><input size=\"40\" maxlength=\"400\" class=\"wpcf7-form-control wpcf7-tel wpcf7-validates-as-required wpcf7-text wpcf7-validates-as-tel\" aria-required=\"true\" aria-invalid=\"false\" placeholder=\"Tel\u00e9fono (*)\" value=\"\" type=\"tel\" name=\"tel-919\" \/><\/span><span class=\"right-border\"><\/span><span class=\"top-border\"><\/span><span class=\"left-border\"><\/span>\n\t\t\t<\/p>\n\t\t\t<p><span class=\"wpcf7-form-control-wrap\" data-name=\"text-883\"><input size=\"40\" maxlength=\"400\" class=\"wpcf7-form-control wpcf7-text wpcf7-validates-as-required\" aria-required=\"true\" aria-invalid=\"false\" placeholder=\"Localidad (*)\" value=\"\" type=\"text\" name=\"text-883\" \/><\/span><span class=\"right-border\"><\/span><span class=\"top-border\"><\/span><span class=\"left-border\"><\/span>\n\t\t\t<\/p>\n\t\t<\/div>\n<!-- \/wp:column -->\n\t<\/div>\n<!-- \/wp:columns -->\n<\/div>\n<!-- \/wp:group -->\n\n<!-- wp:group {\"layout\":{\"type\":\"constrained\"}} -->\n<div class=\"wp-block-group\" style=\"margin-bottom: 0px !important;\"><!-- wp:columns -->\n\t<div class=\"wp-block-columns\" style=\"margin-bottom: 0px !important;\"><!-- wp:column -->\n\t\t<div class=\"wp-block-column\"  style=\"margin-bottom: 0px !important;\">\n\t\t\t<p><span class=\"wpcf7-form-control-wrap\" data-name=\"Letter\"><textarea cols=\"10\" rows=\"3\" maxlength=\"2000\" class=\"wpcf7-form-control wpcf7-textarea\" aria-invalid=\"false\" placeholder=\"Me interesar\u00eda saber..\" name=\"Letter\"><\/textarea><\/span><span class=\"right-border\"><\/span><span class=\"top-border\"><\/span><span class=\"left-border\"><\/span>\n\t\t\t<\/p>\n\t\t\t<p><label><span class=\"wpcf7-form-control-wrap\" data-name=\"acceptance-704\"><span class=\"wpcf7-form-control wpcf7-acceptance\"><span class=\"wpcf7-list-item\"><input type=\"checkbox\" name=\"acceptance-704\" value=\"1\" aria-invalid=\"false\" \/><\/span><\/span><\/span> Al hacer \u201cClic\u201c en el Bot\u00f3n \u201cENVIAR\u201d el usuario declara haber le\u00eddo y estar de acuerdo con las condiciones expresadas en el <a href=\"https:\/\/www.aluministecnicsbarcelona.com\/es\/aviso-legal\/\">\u201cAVISO LEGAL\u201d<\/a> y la <a href=\"https:\/\/www.aluministecnicsbarcelona.com\/es\/politica-de-privacidad\/\">\u201cPOL\u00cdTICA DE PRIVACIDAD\u201d<\/a> de la presente Web.<\/label>\n\t\t\t<\/p>\n\t\t\t<p><input class=\"wpcf7-form-control wpcf7-submit has-spinner\" type=\"submit\" value=\"ENVIAR\" \/>\n\t\t\t<\/p>\n<!-- \/wp:column -->\n\t\t<\/div>\n<!-- \/wp:columns -->\n\t<\/div>\n<!-- \/wp:group -->\n<\/div><div class=\"wpcf7-response-output\" aria-hidden=\"true\"><\/div>\n<\/form>\n<\/div>\n<\/div>\n<\/div><\/div><\/div><\/div><\/div>\n<\/div><\/div><\/div><\/div><\/div>\n","protected":false},"excerpt":{"rendered":"","protected":false},"author":2,"featured_media":13132,"parent":0,"menu_order":0,"comment_status":"closed","ping_status":"closed","template":"template-uli-page.php","meta":{"_lmt_disableupdate":"no","_lmt_disable":"","_joinchat":[],"footnotes":""},"class_list":["post-14576","page","type-page","status-publish","has-post-thumbnail","hentry"],"_links":{"self":[{"href":"https:\/\/www.aluministecnicsbarcelona.com\/es\/wp-json\/wp\/v2\/pages\/14576","targetHints":{"allow":["GET"]}}],"collection":[{"href":"https:\/\/www.aluministecnicsbarcelona.com\/es\/wp-json\/wp\/v2\/pages"}],"about":[{"href":"https:\/\/www.aluministecnicsbarcelona.com\/es\/wp-json\/wp\/v2\/types\/page"}],"author":[{"embeddable":true,"href":"https:\/\/www.aluministecnicsbarcelona.com\/es\/wp-json\/wp\/v2\/users\/2"}],"replies":[{"embeddable":true,"href":"https:\/\/www.aluministecnicsbarcelona.com\/es\/wp-json\/wp\/v2\/comments?post=14576"}],"version-history":[{"count":15,"href":"https:\/\/www.aluministecnicsbarcelona.com\/es\/wp-json\/wp\/v2\/pages\/14576\/revisions"}],"predecessor-version":[{"id":21315,"href":"https:\/\/www.aluministecnicsbarcelona.com\/es\/wp-json\/wp\/v2\/pages\/14576\/revisions\/21315"}],"wp:featuredmedia":[{"embeddable":true,"href":"https:\/\/www.aluministecnicsbarcelona.com\/es\/wp-json\/wp\/v2\/media\/13132"}],"wp:attachment":[{"href":"https:\/\/www.aluministecnicsbarcelona.com\/es\/wp-json\/wp\/v2\/media?parent=14576"}],"curies":[{"name":"wp","href":"https:\/\/api.w.org\/{rel}","templated":true}]}}