{"id":18706,"date":"2024-02-19T14:29:57","date_gmt":"2024-02-19T14:29:57","guid":{"rendered":"https:\/\/www.aluministecnicsbarcelona.com\/kline\/serie-klbc-vision-total-copy\/"},"modified":"2025-11-19T16:22:18","modified_gmt":"2025-11-19T16:22:18","slug":"serie-minima-slide","status":"publish","type":"page","link":"https:\/\/www.aluministecnicsbarcelona.com\/es\/kline\/serie-minima-slide\/","title":{"rendered":"Serie Minima Slide de K-Line"},"content":{"rendered":"\n<div class=\"wp-block-cover alignfull is-light\"><span aria-hidden=\"true\" class=\"wp-block-cover__background has-background-dim-30 has-background-dim\" style=\"background-color:#948e8b\"><\/span><img loading=\"lazy\" decoding=\"async\" width=\"938\" height=\"469\" src=\"https:\/\/www.aluministecnicsbarcelona.com\/wp-content\/uploads\/2024\/01\/Serie-Minima-Slide-de-K-Line-938x469.webp\" class=\"wp-block-cover__image-background wp-post-image\" alt=\"Serie Minima Slide de K-Line\" data-object-fit=\"cover\" data-object-position=\"52% 39%\" style=\"object-position:52% 39%;\" srcset=\"https:\/\/www.aluministecnicsbarcelona.com\/wp-content\/uploads\/2024\/01\/Serie-Minima-Slide-de-K-Line-938x469.webp 938w, https:\/\/www.aluministecnicsbarcelona.com\/wp-content\/uploads\/2024\/01\/Serie-Minima-Slide-de-K-Line-300x150.webp 300w, https:\/\/www.aluministecnicsbarcelona.com\/wp-content\/uploads\/2024\/01\/Serie-Minima-Slide-de-K-Line-1024x512.webp 1024w, https:\/\/www.aluministecnicsbarcelona.com\/wp-content\/uploads\/2024\/01\/Serie-Minima-Slide-de-K-Line-768x384.webp 768w, https:\/\/www.aluministecnicsbarcelona.com\/wp-content\/uploads\/2024\/01\/Serie-Minima-Slide-de-K-Line-1536x768.webp 1536w, https:\/\/www.aluministecnicsbarcelona.com\/wp-content\/uploads\/2024\/01\/Serie-Minima-Slide-de-K-Line-1130x565.webp 1130w, https:\/\/www.aluministecnicsbarcelona.com\/wp-content\/uploads\/2024\/01\/Serie-Minima-Slide-de-K-Line-jpg.webp 1920w\" sizes=\"auto, (max-width: 938px) 100vw, 938px\" title=\"\"><div class=\"wp-block-cover__inner-container is-layout-flow wp-block-cover-is-layout-flow\">\n<div class=\"wp-block-group\"><div class=\"wp-block-group__inner-container is-layout-constrained wp-block-group-is-layout-constrained\">\n<div class=\"wp-block-columns is-layout-flex wp-container-core-columns-is-layout-9d6595d7 wp-block-columns-is-layout-flex\">\n<div class=\"wp-block-column is-layout-flow wp-block-column-is-layout-flow\" style=\"flex-basis:100%\"><h1 class=\"has-text-align-center has-link-color wp-elements-aa973816c9bf249fae5652f1ca10651e wp-block-post-title has-text-color has-light-blue-color\">Serie Minima Slide de K-Line<\/h1><\/div>\n<\/div>\n<\/div><\/div>\n<\/div><\/div>\n\n\n\n<div class=\"wp-block-getwid-section alignfull alignfull getwid-section-content-custom-width\"><div class=\"wp-block-getwid-section__wrapper getwid-padding-top-normal\"><div class=\"wp-block-getwid-section__inner-wrapper\"><div class=\"wp-block-getwid-section__background-holder\"><div class=\"wp-block-getwid-section__background has-background\" style=\"background-color:#f7f7f7\"><\/div><div class=\"wp-block-getwid-section__foreground\"><\/div><\/div><div class=\"wp-block-getwid-section__content\"><div class=\"wp-block-getwid-section__inner-content\">\n<h2 class=\"wp-block-heading has-text-align-center\">Informaci\u00f3n del producto serie Minima Slide<\/h2>\n<\/div><\/div><\/div><\/div><\/div>\n\n\n\n<div class=\"wp-block-getwid-section alignfull alignfull getwid-section-content-custom-width\"><div class=\"wp-block-getwid-section__wrapper\"><div class=\"wp-block-getwid-section__inner-wrapper\"><div class=\"wp-block-getwid-section__background-holder\"><div class=\"wp-block-getwid-section__background\"><\/div><div class=\"wp-block-getwid-section__foreground\"><\/div><\/div><div class=\"wp-block-getwid-section__content\"><div class=\"wp-block-getwid-section__inner-content\">\n<div class=\"wp-block-columns has-2-columns are-vertically-aligned-center reverse is-layout-flex wp-container-core-columns-is-layout-9d6595d7 wp-block-columns-is-layout-flex\">\n<div class=\"wp-block-column is-vertically-aligned-center is-layout-flow wp-block-column-is-layout-flow\">\n<h3 class=\"wp-block-heading has-text-align-left\">Caracter\u00edsticas serie Minima Slide<\/h3>\n\n\n\n<p>Con perfiles casi imperceptibles, la soluci\u00f3n <strong>serie Minima Slide de KLINE <\/strong>potencia la superficie acristalada, favoreciendo la entrada de luz natural y ampliando las vistas. Todo esto se logra sin comprometer el rendimiento t\u00e9rmico, ac\u00fastico y la estanqueidad que caracteriza a las dem\u00e1s ventanas y <a href=\"https:\/\/www.aluministecnicsbarcelona.com\/es\/blog\/puertas-correderas\/\">puertas correderas<\/a> de la l\u00ednea <a href=\"https:\/\/www.aluministecnicsbarcelona.com\/es\/kline\/\">K\u2022LINE<\/a>.<\/p>\n<\/div>\n\n\n\n<div class=\"wp-block-column is-vertically-aligned-center is-layout-flow wp-block-column-is-layout-flow\">\n<div class=\"wp-block-cover is-light\" style=\"min-height:512px;aspect-ratio:unset;\"><img loading=\"lazy\" decoding=\"async\" width=\"512\" height=\"512\" sizes=\"auto, (max-width: 512px) 100vw, 512px\" class=\"wp-block-cover__image-background wp-image-18714\" alt=\"Serie Minima Slide de K-Line 1\" src=\"https:\/\/www.aluministecnicsbarcelona.com\/wp-content\/uploads\/2024\/01\/Serie-Minima-Slide-de-K-Line-1-jpg.webp\" data-object-fit=\"cover\" title=\"\" srcset=\"https:\/\/www.aluministecnicsbarcelona.com\/wp-content\/uploads\/2024\/01\/Serie-Minima-Slide-de-K-Line-1-jpg.webp 512w, https:\/\/www.aluministecnicsbarcelona.com\/wp-content\/uploads\/2024\/01\/Serie-Minima-Slide-de-K-Line-1-300x300.webp 300w, https:\/\/www.aluministecnicsbarcelona.com\/wp-content\/uploads\/2024\/01\/Serie-Minima-Slide-de-K-Line-1-150x150.webp 150w\" \/><span aria-hidden=\"true\" class=\"wp-block-cover__background has-background-dim-0 has-background-dim\"><\/span><div class=\"wp-block-cover__inner-container is-layout-constrained wp-block-cover-is-layout-constrained\">\n<p class=\"has-text-align-center has-large-font-size\"><\/p>\n<\/div><\/div>\n<\/div>\n<\/div>\n<\/div><\/div><\/div><\/div><\/div>\n\n\n\n<div class=\"wp-block-getwid-section alignfull alignfull getwid-section-content-custom-width\"><div class=\"wp-block-getwid-section__wrapper\"><div class=\"wp-block-getwid-section__inner-wrapper\"><div class=\"wp-block-getwid-section__background-holder\"><div class=\"wp-block-getwid-section__background\"><\/div><div class=\"wp-block-getwid-section__foreground\"><\/div><\/div><div class=\"wp-block-getwid-section__content\"><div class=\"wp-block-getwid-section__inner-content\">\n<div class=\"wp-block-columns has-2-columns are-vertically-aligned-center is-layout-flex wp-container-core-columns-is-layout-9d6595d7 wp-block-columns-is-layout-flex\">\n<div class=\"wp-block-column is-vertically-aligned-center is-layout-flow wp-block-column-is-layout-flow\">\n<div class=\"wp-block-cover is-light\" style=\"min-height:512px;aspect-ratio:unset;\"><img loading=\"lazy\" decoding=\"async\" width=\"512\" height=\"512\" sizes=\"auto, (max-width: 512px) 100vw, 512px\" class=\"wp-block-cover__image-background wp-image-18712\" alt=\"Serie Minima Slide de K-Line 2\" src=\"https:\/\/www.aluministecnicsbarcelona.com\/wp-content\/uploads\/2024\/01\/Serie-Minima-Slide-de-K-Line-2-jpg.webp\" data-object-fit=\"cover\" title=\"\" srcset=\"https:\/\/www.aluministecnicsbarcelona.com\/wp-content\/uploads\/2024\/01\/Serie-Minima-Slide-de-K-Line-2-jpg.webp 512w, https:\/\/www.aluministecnicsbarcelona.com\/wp-content\/uploads\/2024\/01\/Serie-Minima-Slide-de-K-Line-2-300x300.webp 300w, https:\/\/www.aluministecnicsbarcelona.com\/wp-content\/uploads\/2024\/01\/Serie-Minima-Slide-de-K-Line-2-150x150.webp 150w\" \/><span aria-hidden=\"true\" class=\"wp-block-cover__background has-background-dim-0 has-background-dim\"><\/span><div class=\"wp-block-cover__inner-container is-layout-constrained wp-block-cover-is-layout-constrained\">\n<p class=\"has-text-align-center has-large-font-size\"><\/p>\n<\/div><\/div>\n<\/div>\n\n\n\n<div class=\"wp-block-column is-vertically-aligned-center is-layout-flow wp-block-column-is-layout-flow\">\n<h3 class=\"wp-block-heading has-text-align-left\">Innovaci\u00f3n minimalista para proyectos emblem\u00e1ticos<\/h3>\n\n\n\n<p><strong>K\u2022Line<\/strong> introduce una exclusiva gama de ventanas minimalistas dise\u00f1ada especialmente para satisfacer las <strong>visiones m\u00e1s ic\u00f3nicas de los arquitecto<\/strong>s. Bajo el sugestivo nombre de MINIMA SLIDE, esta serie busca la manifestaci\u00f3n m\u00ednima de los componentes que conforman una ventana. Sus elementos fijos se integran de manera encastrada en todos los paramentos, ya sean suelos, techos o paredes, proporcionando una expresi\u00f3n de minimalismo puro en el dise\u00f1o de ventanas.<\/p>\n<\/div>\n<\/div>\n<\/div><\/div><\/div><\/div><\/div>\n\n\n\n<div class=\"wp-block-getwid-section alignfull alignfull getwid-section-content-custom-width\"><div class=\"wp-block-getwid-section__wrapper\"><div class=\"wp-block-getwid-section__inner-wrapper\"><div class=\"wp-block-getwid-section__background-holder\"><div class=\"wp-block-getwid-section__background\"><\/div><div class=\"wp-block-getwid-section__foreground\"><\/div><\/div><div class=\"wp-block-getwid-section__content\"><div class=\"wp-block-getwid-section__inner-content\">\n<div class=\"wp-block-columns has-2-columns are-vertically-aligned-center reverse is-layout-flex wp-container-core-columns-is-layout-9d6595d7 wp-block-columns-is-layout-flex\">\n<div class=\"wp-block-column is-vertically-aligned-center is-layout-flow wp-block-column-is-layout-flow\">\n<h3 class=\"wp-block-heading has-text-align-left\">Visi\u00f3n ampliada y est\u00e9tica<\/h3>\n\n\n\n<p>La corredera MINIMA SLIDE, como su nombre sugiere, busca la expresi\u00f3n m\u00ednima de los componentes que componen una ventana. En esta propuesta, los elementos fijos se integran de manera encastrada en todos los paramentos, ya sean suelos, techos o paredes.<\/p>\n\n\n\n<p>Ernst Neufert, un destacado arquitecto alem\u00e1n, afirmaba la importancia crucial de las ventanas como elementos esenciales para iluminar los espacios interiores con luz natural. Estas aberturas no solo cumplen una funci\u00f3n pr\u00e1ctica, sino que tambi\u00e9n han sido un elemento estil\u00edstico crucial en la evoluci\u00f3n arquitect\u00f3nica.<\/p>\n<\/div>\n\n\n\n<div class=\"wp-block-column is-vertically-aligned-center is-layout-flow wp-block-column-is-layout-flow\">\n<div class=\"wp-block-cover\" style=\"min-height:512px;aspect-ratio:unset;\"><img loading=\"lazy\" decoding=\"async\" width=\"512\" height=\"512\" sizes=\"auto, (max-width: 512px) 100vw, 512px\" class=\"wp-block-cover__image-background wp-image-18718\" alt=\"Serie Minima Slide de K-Line 3\" src=\"https:\/\/www.aluministecnicsbarcelona.com\/wp-content\/uploads\/2024\/01\/Serie-Minima-Slide-de-K-Line-4-jpg.webp\" data-object-fit=\"cover\" title=\"\" srcset=\"https:\/\/www.aluministecnicsbarcelona.com\/wp-content\/uploads\/2024\/01\/Serie-Minima-Slide-de-K-Line-4-jpg.webp 512w, https:\/\/www.aluministecnicsbarcelona.com\/wp-content\/uploads\/2024\/01\/Serie-Minima-Slide-de-K-Line-4-300x300.webp 300w, https:\/\/www.aluministecnicsbarcelona.com\/wp-content\/uploads\/2024\/01\/Serie-Minima-Slide-de-K-Line-4-150x150.webp 150w\" \/><span aria-hidden=\"true\" class=\"wp-block-cover__background has-background-dim-0 has-background-dim\"><\/span><div class=\"wp-block-cover__inner-container is-layout-constrained wp-block-cover-is-layout-constrained\">\n<p class=\"has-text-align-center has-large-font-size\"><\/p>\n<\/div><\/div>\n<\/div>\n<\/div>\n<\/div><\/div><\/div><\/div><\/div>\n\n\n\n<div class=\"wp-block-getwid-section alignfull alignfull getwid-section-content-custom-width\"><div class=\"wp-block-getwid-section__wrapper\"><div class=\"wp-block-getwid-section__inner-wrapper\"><div class=\"wp-block-getwid-section__background-holder\"><div class=\"wp-block-getwid-section__background\"><\/div><div class=\"wp-block-getwid-section__foreground\"><\/div><\/div><div class=\"wp-block-getwid-section__content\"><div class=\"wp-block-getwid-section__inner-content\">\n<div class=\"wp-block-columns has-2-columns are-vertically-aligned-center is-layout-flex wp-container-core-columns-is-layout-9d6595d7 wp-block-columns-is-layout-flex\">\n<div class=\"wp-block-column is-vertically-aligned-center is-layout-flow wp-block-column-is-layout-flow\">\n<div class=\"wp-block-cover\" style=\"min-height:512px;aspect-ratio:unset;\"><img loading=\"lazy\" decoding=\"async\" width=\"512\" height=\"512\" sizes=\"auto, (max-width: 512px) 100vw, 512px\" class=\"wp-block-cover__image-background wp-image-18720\" alt=\"Serie Minima Slide de K-Line 3\" src=\"https:\/\/www.aluministecnicsbarcelona.com\/wp-content\/uploads\/2024\/01\/Serie-Minima-Slide-de-K-Line-3-jpg.webp\" data-object-fit=\"cover\" title=\"\" srcset=\"https:\/\/www.aluministecnicsbarcelona.com\/wp-content\/uploads\/2024\/01\/Serie-Minima-Slide-de-K-Line-3-jpg.webp 512w, https:\/\/www.aluministecnicsbarcelona.com\/wp-content\/uploads\/2024\/01\/Serie-Minima-Slide-de-K-Line-3-300x300.webp 300w, https:\/\/www.aluministecnicsbarcelona.com\/wp-content\/uploads\/2024\/01\/Serie-Minima-Slide-de-K-Line-3-150x150.webp 150w\" \/><span aria-hidden=\"true\" class=\"wp-block-cover__background has-background-dim-0 has-background-dim\"><\/span><div class=\"wp-block-cover__inner-container is-layout-constrained wp-block-cover-is-layout-constrained\">\n<p class=\"has-text-align-center has-large-font-size\"><\/p>\n<\/div><\/div>\n<\/div>\n\n\n\n<div class=\"wp-block-column is-vertically-aligned-center is-layout-flow wp-block-column-is-layout-flow\">\n<h3 class=\"wp-block-heading has-text-align-left\">Instalaci\u00f3n, r\u00e1pida y eficiente<\/h3>\n\n\n\n<p>En sinton\u00eda con esta visi\u00f3n, la corredera MINIMA SLIDE representa un enfoque minimalista, donde la b\u00fasqueda de la expresi\u00f3n m\u00e1s reducida de los componentes se traduce en una soluci\u00f3n de dise\u00f1o que se integra armoniosamente en los paramentos, ofreciendo un enfoque contempor\u00e1neo y elegante.<\/p>\n<\/div>\n<\/div>\n<\/div><\/div><\/div><\/div><\/div>\n\n\n\n<div class=\"wp-block-getwid-section wp-embed-aspect-16-9 wp-has-aspect-ratio alignfull alignfull getwid-section-content-custom-width\"><div class=\"wp-block-getwid-section__wrapper\"><div class=\"wp-block-getwid-section__inner-wrapper\"><div class=\"wp-block-getwid-section__background-holder\"><div class=\"wp-block-getwid-section__background\"><\/div><div class=\"wp-block-getwid-section__foreground\"><\/div><\/div><div class=\"wp-block-getwid-section__content\"><div class=\"wp-block-getwid-section__inner-content\">\n<h3 class=\"wp-block-heading has-text-align-center\">V\u00eddeos de K\u00b7LINE<\/h3>\n\n\n\n<div class=\"wp-block-columns alignwide is-layout-flex wp-container-core-columns-is-layout-9d6595d7 wp-block-columns-is-layout-flex\">\n<div class=\"wp-block-column is-layout-flow wp-block-column-is-layout-flow\">\n<figure class=\"wp-block-embed is-type-video is-provider-youtube wp-block-embed-youtube wp-embed-aspect-16-9 wp-has-aspect-ratio\"><div class=\"wp-block-embed__wrapper\">\n<iframe loading=\"lazy\" title=\"Ventanas aislantes exteriores\" width=\"1130\" height=\"636\" src=\"https:\/\/www.youtube.com\/embed\/EbFKF5K8hzM?feature=oembed\" frameborder=\"0\" allow=\"accelerometer; autoplay; clipboard-write; encrypted-media; gyroscope; picture-in-picture; web-share\" referrerpolicy=\"strict-origin-when-cross-origin\" allowfullscreen><\/iframe>\n<\/div><\/figure>\n<\/div>\n\n\n\n<div class=\"wp-block-column is-layout-flow wp-block-column-is-layout-flow\">\n<figure class=\"wp-block-embed is-type-video is-provider-youtube wp-block-embed-youtube wp-embed-aspect-16-9 wp-has-aspect-ratio\"><div class=\"wp-block-embed__wrapper\">\n<iframe loading=\"lazy\" title=\"K LINE video test KL BC Plus\" width=\"1130\" height=\"636\" src=\"https:\/\/www.youtube.com\/embed\/3GOttSh4L9Q?start=35&#038;feature=oembed\" frameborder=\"0\" allow=\"accelerometer; autoplay; clipboard-write; encrypted-media; gyroscope; picture-in-picture; web-share\" referrerpolicy=\"strict-origin-when-cross-origin\" allowfullscreen><\/iframe>\n<\/div><\/figure>\n<\/div>\n\n\n\n<div class=\"wp-block-column is-layout-flow wp-block-column-is-layout-flow\">\n<figure class=\"wp-block-embed is-type-video is-provider-youtube wp-block-embed-youtube wp-embed-aspect-16-9 wp-has-aspect-ratio\"><div class=\"wp-block-embed__wrapper\">\n<iframe loading=\"lazy\" title=\"KL-BC corredera de apertura autom\u00e1tica\" width=\"1130\" height=\"636\" src=\"https:\/\/www.youtube.com\/embed\/0wCVG4ZmZTE?feature=oembed\" frameborder=\"0\" allow=\"accelerometer; autoplay; clipboard-write; encrypted-media; gyroscope; picture-in-picture; web-share\" referrerpolicy=\"strict-origin-when-cross-origin\" allowfullscreen><\/iframe>\n<\/div><\/figure>\n<\/div>\n\n\n\n<div class=\"wp-block-column is-layout-flow wp-block-column-is-layout-flow\">\n<figure class=\"wp-block-embed is-type-video is-provider-youtube wp-block-embed-youtube wp-embed-aspect-16-9 wp-has-aspect-ratio\"><div class=\"wp-block-embed__wrapper\">\n<iframe loading=\"lazy\" title=\"Spot K-Line France Enero 2018\" width=\"1130\" height=\"636\" src=\"https:\/\/www.youtube.com\/embed\/oPWYvGKISZQ?feature=oembed\" frameborder=\"0\" allow=\"accelerometer; autoplay; clipboard-write; encrypted-media; gyroscope; picture-in-picture; web-share\" referrerpolicy=\"strict-origin-when-cross-origin\" allowfullscreen><\/iframe>\n<\/div><\/figure>\n<\/div>\n<\/div>\n\n\n\n<div style=\"height:50px\" aria-hidden=\"true\" class=\"wp-block-spacer\"><\/div>\n<\/div><\/div><\/div><\/div><\/div>\n\n\n\n<div class=\"wp-block-getwid-section\"><div class=\"wp-block-getwid-section__wrapper getwid-padding-top-normal getwid-padding-bottom-small\"><div class=\"wp-block-getwid-section__inner-wrapper\"><div class=\"wp-block-getwid-section__background-holder\"><div class=\"wp-block-getwid-section__background\"><\/div><div class=\"wp-block-getwid-section__foreground\"><\/div><\/div><div class=\"wp-block-getwid-section__content\"><div class=\"wp-block-getwid-section__inner-content\">\n<h3 class=\"wp-block-heading has-text-align-center\">\u00bfTe interesa este producto? Pide presupuesto sin compromiso<\/h3>\n\n\n\n<div class=\"wp-block-contact-form-7-contact-form-selector\">\n<div class=\"wpcf7 no-js\" id=\"wpcf7-f9751-o1\" lang=\"es-ES\" dir=\"ltr\" data-wpcf7-id=\"9751\">\n<div class=\"screen-reader-response\"><p role=\"status\" aria-live=\"polite\" aria-atomic=\"true\"><\/p> <ul><\/ul><\/div>\n<form action=\"\/es\/wp-json\/wp\/v2\/pages\/18706#wpcf7-f9751-o1\" method=\"post\" class=\"wpcf7-form init\" aria-label=\"Formulario de contacto\" novalidate=\"novalidate\" data-status=\"init\">\n<fieldset class=\"hidden-fields-container\"><input type=\"hidden\" name=\"_wpcf7\" value=\"9751\" \/><input type=\"hidden\" name=\"_wpcf7_version\" value=\"6.1.5\" \/><input type=\"hidden\" name=\"_wpcf7_locale\" value=\"es_ES\" \/><input type=\"hidden\" name=\"_wpcf7_unit_tag\" value=\"wpcf7-f9751-o1\" \/><input type=\"hidden\" name=\"_wpcf7_container_post\" value=\"0\" \/><input type=\"hidden\" name=\"_wpcf7_posted_data_hash\" value=\"\" \/><input type=\"hidden\" name=\"_wpcf7_recaptcha_response\" value=\"\" \/>\n<\/fieldset>\n<!-- wp:group {\"layout\":{\"type\":\"constrained\"}} -->\n<div class=\"wp-block-group\" style=\"margin-bottom: 0px !important;\"><!-- wp:columns -->\n\t<div class=\"wp-block-columns\" style=\"margin-bottom: 0px !important;\"><!-- wp:column -->\n\t\t<div class=\"wp-block-column\" style=\"margin-bottom: 0px !important;\">\n\t\t\t<p><span class=\"wpcf7-form-control-wrap\" data-name=\"Name\"><input size=\"40\" maxlength=\"400\" class=\"wpcf7-form-control wpcf7-text wpcf7-validates-as-required\" aria-required=\"true\" aria-invalid=\"false\" placeholder=\"Nombre (*)\" value=\"\" type=\"text\" name=\"Name\" \/><\/span><span class=\"right-border\"><\/span><span class=\"top-border\"><\/span><span class=\"left-border\"><\/span>\n\t\t\t<\/p>\n\t\t\t<p><span class=\"wpcf7-form-control-wrap\" data-name=\"E-mail\"><input size=\"40\" maxlength=\"400\" class=\"wpcf7-form-control wpcf7-email wpcf7-validates-as-required wpcf7-text wpcf7-validates-as-email\" aria-required=\"true\" aria-invalid=\"false\" placeholder=\"Correo electr\u00f3nico (*)\" value=\"\" type=\"email\" name=\"E-mail\" \/><\/span><span class=\"right-border\"><\/span><span class=\"top-border\"><\/span><span class=\"left-border\"><\/span>\n\t\t\t<\/p>\n\t\t<\/div>\n<!-- \/wp:column -->\n\n<!-- wp:column -->\n\t\t<div class=\"wp-block-column\"  style=\"margin-bottom: 0px !important;\">\n\t\t\t<p><span class=\"wpcf7-form-control-wrap\" data-name=\"tel-919\"><input size=\"40\" maxlength=\"400\" class=\"wpcf7-form-control wpcf7-tel wpcf7-validates-as-required wpcf7-text wpcf7-validates-as-tel\" aria-required=\"true\" aria-invalid=\"false\" placeholder=\"Tel\u00e9fono (*)\" value=\"\" type=\"tel\" name=\"tel-919\" \/><\/span><span class=\"right-border\"><\/span><span class=\"top-border\"><\/span><span class=\"left-border\"><\/span>\n\t\t\t<\/p>\n\t\t\t<p><span class=\"wpcf7-form-control-wrap\" data-name=\"text-883\"><input size=\"40\" maxlength=\"400\" class=\"wpcf7-form-control wpcf7-text wpcf7-validates-as-required\" aria-required=\"true\" aria-invalid=\"false\" placeholder=\"Localidad (*)\" value=\"\" type=\"text\" name=\"text-883\" \/><\/span><span class=\"right-border\"><\/span><span class=\"top-border\"><\/span><span class=\"left-border\"><\/span>\n\t\t\t<\/p>\n\t\t<\/div>\n<!-- \/wp:column -->\n\t<\/div>\n<!-- \/wp:columns -->\n<\/div>\n<!-- \/wp:group -->\n\n<!-- wp:group {\"layout\":{\"type\":\"constrained\"}} -->\n<div class=\"wp-block-group\" style=\"margin-bottom: 0px !important;\"><!-- wp:columns -->\n\t<div class=\"wp-block-columns\" style=\"margin-bottom: 0px !important;\"><!-- wp:column -->\n\t\t<div class=\"wp-block-column\"  style=\"margin-bottom: 0px !important;\">\n\t\t\t<p><span class=\"wpcf7-form-control-wrap\" data-name=\"Letter\"><textarea cols=\"10\" rows=\"3\" maxlength=\"2000\" class=\"wpcf7-form-control wpcf7-textarea\" aria-invalid=\"false\" placeholder=\"Me interesar\u00eda saber..\" name=\"Letter\"><\/textarea><\/span><span class=\"right-border\"><\/span><span class=\"top-border\"><\/span><span class=\"left-border\"><\/span>\n\t\t\t<\/p>\n\t\t\t<p><label><span class=\"wpcf7-form-control-wrap\" data-name=\"acceptance-704\"><span class=\"wpcf7-form-control wpcf7-acceptance\"><span class=\"wpcf7-list-item\"><input type=\"checkbox\" name=\"acceptance-704\" value=\"1\" aria-invalid=\"false\" \/><\/span><\/span><\/span> Al hacer \u201cClic\u201c en el Bot\u00f3n \u201cENVIAR\u201d el usuario declara haber le\u00eddo y estar de acuerdo con las condiciones expresadas en el <a href=\"https:\/\/www.aluministecnicsbarcelona.com\/es\/aviso-legal\/\">\u201cAVISO LEGAL\u201d<\/a> y la <a href=\"https:\/\/www.aluministecnicsbarcelona.com\/es\/politica-de-privacidad\/\">\u201cPOL\u00cdTICA DE PRIVACIDAD\u201d<\/a> de la presente Web.<\/label>\n\t\t\t<\/p>\n\t\t\t<p><input class=\"wpcf7-form-control wpcf7-submit has-spinner\" type=\"submit\" value=\"ENVIAR\" \/>\n\t\t\t<\/p>\n<!-- \/wp:column -->\n\t\t<\/div>\n<!-- \/wp:columns -->\n\t<\/div>\n<!-- \/wp:group -->\n<\/div><div class=\"wpcf7-response-output\" aria-hidden=\"true\"><\/div>\n<\/form>\n<\/div>\n<\/div>\n<\/div><\/div><\/div><\/div><\/div>\n\n\n\n<div class=\"wp-block-getwid-section wp-embed-aspect-16-9 wp-has-aspect-ratio alignfull alignfull getwid-section-content-custom-width\"><div class=\"wp-block-getwid-section__wrapper\"><div class=\"wp-block-getwid-section__inner-wrapper\"><div class=\"wp-block-getwid-section__background-holder\"><div class=\"wp-block-getwid-section__background has-background\" style=\"background-color:#313131\"><\/div><div class=\"wp-block-getwid-section__foreground\"><\/div><\/div><div class=\"wp-block-getwid-section__content\"><div class=\"wp-block-getwid-section__inner-content\">\n<h2 class=\"wp-block-heading has-text-align-center has-light-blue-color has-text-color has-link-color wp-elements-a9d7ce82331910aed1b7e143ecb59fb0\">Series en archivos PDF<\/h2>\n\n\n\n<div class=\"wp-block-columns is-layout-flex wp-container-core-columns-is-layout-9d6595d7 wp-block-columns-is-layout-flex\">\n<div class=\"wp-block-column is-vertically-aligned-center is-layout-flow wp-block-column-is-layout-flow\">\n<p class=\"has-text-align-center has-light-blue-color has-text-color has-link-color has-medium-font-size wp-elements-45983acc84b30b140df4f06a92e32895\" style=\"font-style:normal;font-weight:500\">MinimaSlide<\/p>\n\n\n\n<div class=\"wp-block-file aligncenter\"><a href=\"https:\/\/www.aluministecnicsbarcelona.com\/wp-content\/uploads\/2025\/05\/Catalogo_MinimaSlide_web_Compressed.pdf\" class=\"wp-block-file__button wp-element-button\" download>Descargar<\/a><\/div>\n<\/div>\n<\/div>\n<\/div><\/div><\/div><\/div><\/div>\n","protected":false},"excerpt":{"rendered":"","protected":false},"author":110,"featured_media":18716,"parent":12507,"menu_order":0,"comment_status":"closed","ping_status":"closed","template":"template-uli-page.php","meta":{"_lmt_disableupdate":"","_lmt_disable":"","_joinchat":[],"footnotes":""},"class_list":["post-18706","page","type-page","status-publish","has-post-thumbnail","hentry"],"_links":{"self":[{"href":"https:\/\/www.aluministecnicsbarcelona.com\/es\/wp-json\/wp\/v2\/pages\/18706","targetHints":{"allow":["GET"]}}],"collection":[{"href":"https:\/\/www.aluministecnicsbarcelona.com\/es\/wp-json\/wp\/v2\/pages"}],"about":[{"href":"https:\/\/www.aluministecnicsbarcelona.com\/es\/wp-json\/wp\/v2\/types\/page"}],"author":[{"embeddable":true,"href":"https:\/\/www.aluministecnicsbarcelona.com\/es\/wp-json\/wp\/v2\/users\/110"}],"replies":[{"embeddable":true,"href":"https:\/\/www.aluministecnicsbarcelona.com\/es\/wp-json\/wp\/v2\/comments?post=18706"}],"version-history":[{"count":7,"href":"https:\/\/www.aluministecnicsbarcelona.com\/es\/wp-json\/wp\/v2\/pages\/18706\/revisions"}],"predecessor-version":[{"id":21143,"href":"https:\/\/www.aluministecnicsbarcelona.com\/es\/wp-json\/wp\/v2\/pages\/18706\/revisions\/21143"}],"up":[{"embeddable":true,"href":"https:\/\/www.aluministecnicsbarcelona.com\/es\/wp-json\/wp\/v2\/pages\/12507"}],"wp:featuredmedia":[{"embeddable":true,"href":"https:\/\/www.aluministecnicsbarcelona.com\/es\/wp-json\/wp\/v2\/media\/18716"}],"wp:attachment":[{"href":"https:\/\/www.aluministecnicsbarcelona.com\/es\/wp-json\/wp\/v2\/media?parent=18706"}],"curies":[{"name":"wp","href":"https:\/\/api.w.org\/{rel}","templated":true}]}}